{"id":1346,"date":"2024-10-02T16:32:29","date_gmt":"2024-10-02T14:32:29","guid":{"rendered":"https:\/\/caminodelospilones.com\/comment-sy-rendre\/"},"modified":"2024-10-31T16:53:09","modified_gmt":"2024-10-31T15:53:09","slug":"comment-sy-rendre","status":"publish","type":"page","link":"https:\/\/caminodelospilones.com\/fr\/comment-sy-rendre\/","title":{"rendered":"Comment s&rsquo;y rendre"},"content":{"rendered":"\t\t<div data-elementor-type=\"wp-page\" data-elementor-id=\"1346\" class=\"elementor elementor-1346 elementor-307\" data-elementor-post-type=\"page\">\n\t\t\t\t<div data-particle_enable=\"false\" data-particle-mobile-disabled=\"false\" data-dce-background-image-url=\"https:\/\/caminodelospilones.com\/wp-content\/uploads\/2024\/10\/cabecera.jpg\" class=\"elementor-element elementor-element-1d50a08 e-flex e-con-boxed e-con e-parent\" data-id=\"1d50a08\" data-element_type=\"container\" data-e-type=\"container\" data-settings=\"{&quot;background_background&quot;:&quot;classic&quot;}\">\n\t\t\t\t\t<div class=\"e-con-inner\">\n\t\t\t\t\t<\/div>\n\t\t\t\t<\/div>\n\t\t<div data-particle_enable=\"false\" data-particle-mobile-disabled=\"false\" class=\"elementor-element elementor-element-638bb44 e-flex e-con-boxed e-con e-parent\" data-id=\"638bb44\" data-element_type=\"container\" data-e-type=\"container\">\n\t\t\t\t\t<div class=\"e-con-inner\">\n\t\t\t\t<div class=\"elementor-element elementor-element-91d294c elementor-widget elementor-widget-spacer\" data-id=\"91d294c\" data-element_type=\"widget\" data-e-type=\"widget\" data-widget_type=\"spacer.default\">\n\t\t\t\t<div class=\"elementor-widget-container\">\n\t\t\t\t\t\t\t<div class=\"elementor-spacer\">\n\t\t\t<div class=\"elementor-spacer-inner\"><\/div>\n\t\t<\/div>\n\t\t\t\t\t\t<\/div>\n\t\t\t\t<\/div>\n\t\t\t\t<div class=\"elementor-element elementor-element-d620f84 elementor-widget elementor-widget-heading\" data-id=\"d620f84\" data-element_type=\"widget\" data-e-type=\"widget\" data-widget_type=\"heading.default\">\n\t\t\t\t<div class=\"elementor-widget-container\">\n\t\t\t\t\t<h2 class=\"elementor-heading-title elementor-size-default\">Comment s'y rendre<\/h2>\t\t\t\t<\/div>\n\t\t\t\t<\/div>\n\t\t\t\t<div class=\"elementor-element elementor-element-7afd860 elementor-widget-divider--separator-type-pattern elementor-widget-divider--no-spacing elementor-widget-divider--view-line elementor-widget elementor-widget-divider\" data-id=\"7afd860\" data-element_type=\"widget\" data-e-type=\"widget\" data-widget_type=\"divider.default\">\n\t\t\t\t<div class=\"elementor-widget-container\">\n\t\t\t\t\t\t\t<div class=\"elementor-divider\" style=\"--divider-pattern-url: url(&quot;data:image\/svg+xml,%3Csvg xmlns=&#039;http:\/\/www.w3.org\/2000\/svg&#039; preserveAspectRatio=&#039;xMidYMid meet&#039; overflow=&#039;visible&#039; height=&#039;100%&#039; viewBox=&#039;0 0 120 26&#039; fill=&#039;black&#039; stroke=&#039;none&#039;%3E%3Cpath d=&#039;M11.9,15.9L11.9,15.9L0,16c-0.2-3.7,1.5-5.7,4.9-6C10,9.6,12.4,14.2,11.9,15.9zM26.9,15.9L26.9,15.9L15,16c0.5-3.7,2.5-5.7,5.9-6C26,9.6,27.4,14.2,26.9,15.9z M37.1,10c3.4,0.3,5.1,2.3,4.9,6H30.1C29.5,14.4,31.9,9.6,37.1,10z M57,15.9L57,15.9L45,16c0-3.4,1.6-5.4,4.9-5.9C54.8,9.3,57.4,14.2,57,15.9z M71.9,15.9L71.9,15.9L60,16c-0.2-3.7,1.5-5.7,4.9-6C70,9.6,72.4,14.2,71.9,15.9z M82.2,10c3.4,0.3,5,2.3,4.8,6H75.3C74,13,77.1,9.6,82.2,10zM101.9,15.9L101.9,15.9L90,16c-0.2-3.7,1.5-5.7,4.9-6C100,9.6,102.4,14.2,101.9,15.9z M112.1,10.1c2.7,0.5,4.3,2.5,4.9,5.9h-11.9l0,0C104.5,14.4,108,9.3,112.1,10.1z&#039;\/%3E%3C\/svg%3E&quot;);\">\n\t\t\t<span class=\"elementor-divider-separator\">\n\t\t\t\t\t\t<\/span>\n\t\t<\/div>\n\t\t\t\t\t\t<\/div>\n\t\t\t\t<\/div>\n\t\t\t\t\t<\/div>\n\t\t\t\t<\/div>\n\t\t<div data-particle_enable=\"false\" data-particle-mobile-disabled=\"false\" class=\"elementor-element elementor-element-3178f35 e-flex e-con-boxed e-con e-parent\" data-id=\"3178f35\" data-element_type=\"container\" data-e-type=\"container\">\n\t\t\t\t\t<div class=\"e-con-inner\">\n\t\t\t\t<div class=\"elementor-element elementor-element-27582b7 elementor-widget elementor-widget-text-editor\" data-id=\"27582b7\" data-element_type=\"widget\" data-e-type=\"widget\" data-widget_type=\"text-editor.default\">\n\t\t\t\t<div class=\"elementor-widget-container\">\n\t\t\t\t\t\t\t\t\t<p>Il est recommand\u00e9 de commencer le Chemin des Pilones \u00e0 Teruel et de le terminer \u00e0 La Iglesuela del Cid, car il y a plus d&rsquo;options de transport public pour se rendre \u00e0 Teruel.<\/p>\n<p>Pour vous rendre \u00e0 Teruel, vous avez les possibilit\u00e9s suivantes :<\/p>\n\t\t\t\t\t\t\t\t<\/div>\n\t\t\t\t<\/div>\n\t\t\t\t\t<\/div>\n\t\t\t\t<\/div>\n\t\t<div data-particle_enable=\"false\" data-particle-mobile-disabled=\"false\" class=\"elementor-element elementor-element-3ed27b9 e-flex e-con-boxed e-con e-parent\" data-id=\"3ed27b9\" data-element_type=\"container\" data-e-type=\"container\">\n\t\t\t\t\t<div class=\"e-con-inner\">\n\t\t<div data-particle_enable=\"false\" data-particle-mobile-disabled=\"false\" class=\"elementor-element elementor-element-dcda490 e-con-full e-flex e-con e-child\" data-id=\"dcda490\" data-element_type=\"container\" data-e-type=\"container\">\n\t\t\t\t<div class=\"elementor-element elementor-element-2940b42 dce_masking-none elementor-position-top elementor-widget elementor-widget-image-box\" data-id=\"2940b42\" data-element_type=\"widget\" data-e-type=\"widget\" data-widget_type=\"image-box.default\">\n\t\t\t\t<div class=\"elementor-widget-container\">\n\t\t\t\t\t<div class=\"elementor-image-box-wrapper\"><figure class=\"elementor-image-box-img\"><img fetchpriority=\"high\" decoding=\"async\" width=\"2084\" height=\"2084\" src=\"https:\/\/caminodelospilones.com\/wp-content\/uploads\/2024\/10\/tren.png\" class=\"attachment-full size-full wp-image-309\" alt=\"\" srcset=\"https:\/\/caminodelospilones.com\/wp-content\/uploads\/2024\/10\/tren.png 2084w, https:\/\/caminodelospilones.com\/wp-content\/uploads\/2024\/10\/tren-300x300.png 300w, https:\/\/caminodelospilones.com\/wp-content\/uploads\/2024\/10\/tren-1024x1024.png 1024w, https:\/\/caminodelospilones.com\/wp-content\/uploads\/2024\/10\/tren-150x150.png 150w, https:\/\/caminodelospilones.com\/wp-content\/uploads\/2024\/10\/tren-768x768.png 768w, https:\/\/caminodelospilones.com\/wp-content\/uploads\/2024\/10\/tren-1536x1536.png 1536w, https:\/\/caminodelospilones.com\/wp-content\/uploads\/2024\/10\/tren-2048x2048.png 2048w\" sizes=\"(max-width: 2084px) 100vw, 2084px\" \/><\/figure><div class=\"elementor-image-box-content\"><h3 class=\"elementor-image-box-title\">En train<\/h3><\/div><\/div>\t\t\t\t<\/div>\n\t\t\t\t<\/div>\n\t\t\t\t<div class=\"elementor-element elementor-element-24ccfdb elementor-widget elementor-widget-text-editor\" data-id=\"24ccfdb\" data-element_type=\"widget\" data-e-type=\"widget\" data-widget_type=\"text-editor.default\">\n\t\t\t\t<div class=\"elementor-widget-container\">\n\t\t\t\t\t\t\t\t\t<p style=\"text-align: center;\">Les trains arrivent \u00e0 Teruel depuis Huesca, Saragosse et Valence. Plus d&rsquo;informations aupr\u00e8s de Renfe : 902 240 202 | www.renfe.es<\/p>\n\t\t\t\t\t\t\t\t<\/div>\n\t\t\t\t<\/div>\n\t\t\t\t<\/div>\n\t\t<div data-particle_enable=\"false\" data-particle-mobile-disabled=\"false\" class=\"elementor-element elementor-element-56933a0 e-con-full e-flex e-con e-child\" data-id=\"56933a0\" data-element_type=\"container\" data-e-type=\"container\">\n\t\t\t\t<div class=\"elementor-element elementor-element-0e7901d dce_masking-none elementor-position-top elementor-widget elementor-widget-image-box\" data-id=\"0e7901d\" data-element_type=\"widget\" data-e-type=\"widget\" data-widget_type=\"image-box.default\">\n\t\t\t\t<div class=\"elementor-widget-container\">\n\t\t\t\t\t<div class=\"elementor-image-box-wrapper\"><figure class=\"elementor-image-box-img\"><img decoding=\"async\" width=\"2084\" height=\"2084\" src=\"https:\/\/caminodelospilones.com\/wp-content\/uploads\/2024\/10\/bus.png\" class=\"attachment-full size-full wp-image-310\" alt=\"\" srcset=\"https:\/\/caminodelospilones.com\/wp-content\/uploads\/2024\/10\/bus.png 2084w, https:\/\/caminodelospilones.com\/wp-content\/uploads\/2024\/10\/bus-300x300.png 300w, https:\/\/caminodelospilones.com\/wp-content\/uploads\/2024\/10\/bus-1024x1024.png 1024w, https:\/\/caminodelospilones.com\/wp-content\/uploads\/2024\/10\/bus-150x150.png 150w, https:\/\/caminodelospilones.com\/wp-content\/uploads\/2024\/10\/bus-768x768.png 768w, https:\/\/caminodelospilones.com\/wp-content\/uploads\/2024\/10\/bus-1536x1536.png 1536w, https:\/\/caminodelospilones.com\/wp-content\/uploads\/2024\/10\/bus-2048x2048.png 2048w\" sizes=\"(max-width: 2084px) 100vw, 2084px\" \/><\/figure><div class=\"elementor-image-box-content\"><h3 class=\"elementor-image-box-title\">En bus<\/h3><\/div><\/div>\t\t\t\t<\/div>\n\t\t\t\t<\/div>\n\t\t\t\t<div class=\"elementor-element elementor-element-d67f377 elementor-widget elementor-widget-text-editor\" data-id=\"d67f377\" data-element_type=\"widget\" data-e-type=\"widget\" data-widget_type=\"text-editor.default\">\n\t\t\t\t<div class=\"elementor-widget-container\">\n\t\t\t\t\t\t\t\t\t<ul>\n<li style=\"text-align: left;\">Samar : 984 689 912 | samar.es<\/li>\n<li style=\"text-align: left;\">Jim\u00e9nez : 941 202 777 | jimenezmovilidad.es<\/li>\n<li style=\"text-align: left;\">HIFE : 902 119 814 | hife.es<\/li>\n<li style=\"text-align: left;\">Arag\u00f3n Sur Bus : 978 843 538 | aragonsurbus.com<\/li>\n<\/ul>\n\t\t\t\t\t\t\t\t<\/div>\n\t\t\t\t<\/div>\n\t\t\t\t<\/div>\n\t\t\t\t\t<\/div>\n\t\t\t\t<\/div>\n\t\t<div data-particle_enable=\"false\" data-particle-mobile-disabled=\"false\" class=\"elementor-element elementor-element-de7baf9 e-flex e-con-boxed e-con e-parent\" data-id=\"de7baf9\" data-element_type=\"container\" data-e-type=\"container\">\n\t\t\t\t\t<div class=\"e-con-inner\">\n\t\t\t\t<div class=\"elementor-element elementor-element-74c0294 elementor-widget elementor-widget-text-editor\" data-id=\"74c0294\" data-element_type=\"widget\" data-e-type=\"widget\" data-widget_type=\"text-editor.default\">\n\t\t\t\t<div class=\"elementor-widget-container\">\n\t\t\t\t\t\t\t\t\t<p>Une fois \u00e0 La Iglesuela, un bus circule du lundi au vendredi et part en direction de Teruel \u00e0 6h00. Ce m\u00eame bus passe par tous les villages du chemin de Pilones (sauf El Pobo), au cas o\u00f9 vous souhaiteriez rentrer plus t\u00f4t \u00e0 Teruel. <\/p>\n\t\t\t\t\t\t\t\t<\/div>\n\t\t\t\t<\/div>\n\t\t\t\t<div class=\"elementor-element elementor-element-2510da2 elementor-widget elementor-widget-button\" data-id=\"2510da2\" data-element_type=\"widget\" data-e-type=\"widget\" data-widget_type=\"button.default\">\n\t\t\t\t<div class=\"elementor-widget-container\">\n\t\t\t\t\t\t\t\t\t<div class=\"elementor-button-wrapper\">\n\t\t\t\t\t<a class=\"elementor-button elementor-button-link elementor-size-sm\" href=\"https:\/\/aragonsurbus.com\/t8-1-la-iglesuela-del-cid-teruel\/\" target=\"_blank\">\n\t\t\t\t\t\t<span class=\"elementor-button-content-wrapper\">\n\t\t\t\t\t\t\t\t\t<span class=\"elementor-button-text\">Consultez les horaires et les prix<\/span>\n\t\t\t\t\t<\/span>\n\t\t\t\t\t<\/a>\n\t\t\t\t<\/div>\n\t\t\t\t\t\t\t\t<\/div>\n\t\t\t\t<\/div>\n\t\t\t\t\t<\/div>\n\t\t\t\t<\/div>\n\t\t<div data-particle_enable=\"false\" data-particle-mobile-disabled=\"false\" class=\"elementor-element elementor-element-953114d e-flex e-con-boxed e-con e-parent\" data-id=\"953114d\" data-element_type=\"container\" data-e-type=\"container\">\n\t\t\t\t\t<div class=\"e-con-inner\">\n\t\t\t\t<div class=\"elementor-element elementor-element-d39279f elementor-widget elementor-widget-spacer\" data-id=\"d39279f\" data-element_type=\"widget\" data-e-type=\"widget\" data-widget_type=\"spacer.default\">\n\t\t\t\t<div class=\"elementor-widget-container\">\n\t\t\t\t\t\t\t<div class=\"elementor-spacer\">\n\t\t\t<div class=\"elementor-spacer-inner\"><\/div>\n\t\t<\/div>\n\t\t\t\t\t\t<\/div>\n\t\t\t\t<\/div>\n\t\t\t\t\t<\/div>\n\t\t\t\t<\/div>\n\t\t\t\t<\/div>\n\t\t","protected":false},"excerpt":{"rendered":"<p>Comment s&rsquo;y rendre Il est recommand\u00e9 de commencer le Chemin des Pilones \u00e0 Teruel et de le terminer \u00e0 La Iglesuela del Cid, car il y a plus d&rsquo;options de transport public pour se rendre \u00e0 Teruel. Pour vous rendre \u00e0 Teruel, vous avez les possibilit\u00e9s suivantes : En train Les trains arrivent \u00e0 Teruel [&hellip;]<\/p>\n","protected":false},"author":1,"featured_media":0,"parent":0,"menu_order":0,"comment_status":"closed","ping_status":"closed","template":"","meta":{"_acf_changed":false,"footnotes":""},"class_list":["post-1346","page","type-page","status-publish","hentry"],"acf":[],"yoast_head":"<!-- This site is optimized with the Yoast SEO plugin v27.3 - https:\/\/yoast.com\/product\/yoast-seo-wordpress\/ -->\n<title>Comment s&#039;y rendre - Camino de los Pilones<\/title>\n<meta name=\"robots\" content=\"index, follow, max-snippet:-1, max-image-preview:large, max-video-preview:-1\" \/>\n<link rel=\"canonical\" href=\"https:\/\/caminodelospilones.com\/fr\/comment-sy-rendre\/\" \/>\n<meta property=\"og:locale\" content=\"fr_FR\" \/>\n<meta property=\"og:type\" content=\"article\" \/>\n<meta property=\"og:title\" content=\"Comment s&#039;y rendre - Camino de los Pilones\" \/>\n<meta property=\"og:description\" content=\"Comment s&rsquo;y rendre Il est recommand\u00e9 de commencer le Chemin des Pilones \u00e0 Teruel et de le terminer \u00e0 La Iglesuela del Cid, car il y a plus d&rsquo;options de transport public pour se rendre \u00e0 Teruel. Pour vous rendre \u00e0 Teruel, vous avez les possibilit\u00e9s suivantes : En train Les trains arrivent \u00e0 Teruel [&hellip;]\" \/>\n<meta property=\"og:url\" content=\"https:\/\/caminodelospilones.com\/fr\/comment-sy-rendre\/\" \/>\n<meta property=\"og:site_name\" content=\"Camino de los Pilones\" \/>\n<meta property=\"article:modified_time\" content=\"2024-10-31T15:53:09+00:00\" \/>\n<meta property=\"og:image\" content=\"https:\/\/caminodelospilones.com\/wp-content\/uploads\/2024\/10\/tren.png\" \/>\n<meta name=\"twitter:card\" content=\"summary_large_image\" \/>\n<meta name=\"twitter:label1\" content=\"Dur\u00e9e de lecture estim\u00e9e\" \/>\n\t<meta name=\"twitter:data1\" content=\"1 minute\" \/>\n<script type=\"application\/ld+json\" class=\"yoast-schema-graph\">{\"@context\":\"https:\\\/\\\/schema.org\",\"@graph\":[{\"@type\":\"WebPage\",\"@id\":\"https:\\\/\\\/caminodelospilones.com\\\/fr\\\/comment-sy-rendre\\\/\",\"url\":\"https:\\\/\\\/caminodelospilones.com\\\/fr\\\/comment-sy-rendre\\\/\",\"name\":\"Comment s'y rendre - Camino de los Pilones\",\"isPartOf\":{\"@id\":\"https:\\\/\\\/caminodelospilones.com\\\/#website\"},\"primaryImageOfPage\":{\"@id\":\"https:\\\/\\\/caminodelospilones.com\\\/fr\\\/comment-sy-rendre\\\/#primaryimage\"},\"image\":{\"@id\":\"https:\\\/\\\/caminodelospilones.com\\\/fr\\\/comment-sy-rendre\\\/#primaryimage\"},\"thumbnailUrl\":\"https:\\\/\\\/caminodelospilones.com\\\/wp-content\\\/uploads\\\/2024\\\/10\\\/tren.png\",\"datePublished\":\"2024-10-02T14:32:29+00:00\",\"dateModified\":\"2024-10-31T15:53:09+00:00\",\"breadcrumb\":{\"@id\":\"https:\\\/\\\/caminodelospilones.com\\\/fr\\\/comment-sy-rendre\\\/#breadcrumb\"},\"inLanguage\":\"fr-FR\",\"potentialAction\":[{\"@type\":\"ReadAction\",\"target\":[\"https:\\\/\\\/caminodelospilones.com\\\/fr\\\/comment-sy-rendre\\\/\"]}]},{\"@type\":\"ImageObject\",\"inLanguage\":\"fr-FR\",\"@id\":\"https:\\\/\\\/caminodelospilones.com\\\/fr\\\/comment-sy-rendre\\\/#primaryimage\",\"url\":\"https:\\\/\\\/caminodelospilones.com\\\/wp-content\\\/uploads\\\/2024\\\/10\\\/tren.png\",\"contentUrl\":\"https:\\\/\\\/caminodelospilones.com\\\/wp-content\\\/uploads\\\/2024\\\/10\\\/tren.png\"},{\"@type\":\"BreadcrumbList\",\"@id\":\"https:\\\/\\\/caminodelospilones.com\\\/fr\\\/comment-sy-rendre\\\/#breadcrumb\",\"itemListElement\":[{\"@type\":\"ListItem\",\"position\":1,\"name\":\"Portada\",\"item\":\"https:\\\/\\\/caminodelospilones.com\\\/fr\\\/accueil\\\/\"},{\"@type\":\"ListItem\",\"position\":2,\"name\":\"Comment s&rsquo;y rendre\"}]},{\"@type\":\"WebSite\",\"@id\":\"https:\\\/\\\/caminodelospilones.com\\\/#website\",\"url\":\"https:\\\/\\\/caminodelospilones.com\\\/\",\"name\":\"Camino de los Pilones\",\"description\":\"\",\"publisher\":{\"@id\":\"https:\\\/\\\/caminodelospilones.com\\\/#organization\"},\"potentialAction\":[{\"@type\":\"SearchAction\",\"target\":{\"@type\":\"EntryPoint\",\"urlTemplate\":\"https:\\\/\\\/caminodelospilones.com\\\/?s={search_term_string}\"},\"query-input\":{\"@type\":\"PropertyValueSpecification\",\"valueRequired\":true,\"valueName\":\"search_term_string\"}}],\"inLanguage\":\"fr-FR\"},{\"@type\":\"Organization\",\"@id\":\"https:\\\/\\\/caminodelospilones.com\\\/#organization\",\"name\":\"Camino de los Pilones\",\"url\":\"https:\\\/\\\/caminodelospilones.com\\\/\",\"logo\":{\"@type\":\"ImageObject\",\"inLanguage\":\"fr-FR\",\"@id\":\"https:\\\/\\\/caminodelospilones.com\\\/#\\\/schema\\\/logo\\\/image\\\/\",\"url\":\"https:\\\/\\\/caminodelospilones.com\\\/wp-content\\\/uploads\\\/2024\\\/08\\\/PILONES-LOGO_Mesa-de-trabajo-1-copia-2.png\",\"contentUrl\":\"https:\\\/\\\/caminodelospilones.com\\\/wp-content\\\/uploads\\\/2024\\\/08\\\/PILONES-LOGO_Mesa-de-trabajo-1-copia-2.png\",\"width\":1458,\"height\":424,\"caption\":\"Camino de los Pilones\"},\"image\":{\"@id\":\"https:\\\/\\\/caminodelospilones.com\\\/#\\\/schema\\\/logo\\\/image\\\/\"}}]}<\/script>\n<!-- \/ Yoast SEO plugin. -->","yoast_head_json":{"title":"Comment s'y rendre - Camino de los Pilones","robots":{"index":"index","follow":"follow","max-snippet":"max-snippet:-1","max-image-preview":"max-image-preview:large","max-video-preview":"max-video-preview:-1"},"canonical":"https:\/\/caminodelospilones.com\/fr\/comment-sy-rendre\/","og_locale":"fr_FR","og_type":"article","og_title":"Comment s'y rendre - Camino de los Pilones","og_description":"Comment s&rsquo;y rendre Il est recommand\u00e9 de commencer le Chemin des Pilones \u00e0 Teruel et de le terminer \u00e0 La Iglesuela del Cid, car il y a plus d&rsquo;options de transport public pour se rendre \u00e0 Teruel. Pour vous rendre \u00e0 Teruel, vous avez les possibilit\u00e9s suivantes : En train Les trains arrivent \u00e0 Teruel [&hellip;]","og_url":"https:\/\/caminodelospilones.com\/fr\/comment-sy-rendre\/","og_site_name":"Camino de los Pilones","article_modified_time":"2024-10-31T15:53:09+00:00","og_image":[{"url":"https:\/\/caminodelospilones.com\/wp-content\/uploads\/2024\/10\/tren.png","type":"","width":"","height":""}],"twitter_card":"summary_large_image","twitter_misc":{"Dur\u00e9e de lecture estim\u00e9e":"1 minute"},"schema":{"@context":"https:\/\/schema.org","@graph":[{"@type":"WebPage","@id":"https:\/\/caminodelospilones.com\/fr\/comment-sy-rendre\/","url":"https:\/\/caminodelospilones.com\/fr\/comment-sy-rendre\/","name":"Comment s'y rendre - Camino de los Pilones","isPartOf":{"@id":"https:\/\/caminodelospilones.com\/#website"},"primaryImageOfPage":{"@id":"https:\/\/caminodelospilones.com\/fr\/comment-sy-rendre\/#primaryimage"},"image":{"@id":"https:\/\/caminodelospilones.com\/fr\/comment-sy-rendre\/#primaryimage"},"thumbnailUrl":"https:\/\/caminodelospilones.com\/wp-content\/uploads\/2024\/10\/tren.png","datePublished":"2024-10-02T14:32:29+00:00","dateModified":"2024-10-31T15:53:09+00:00","breadcrumb":{"@id":"https:\/\/caminodelospilones.com\/fr\/comment-sy-rendre\/#breadcrumb"},"inLanguage":"fr-FR","potentialAction":[{"@type":"ReadAction","target":["https:\/\/caminodelospilones.com\/fr\/comment-sy-rendre\/"]}]},{"@type":"ImageObject","inLanguage":"fr-FR","@id":"https:\/\/caminodelospilones.com\/fr\/comment-sy-rendre\/#primaryimage","url":"https:\/\/caminodelospilones.com\/wp-content\/uploads\/2024\/10\/tren.png","contentUrl":"https:\/\/caminodelospilones.com\/wp-content\/uploads\/2024\/10\/tren.png"},{"@type":"BreadcrumbList","@id":"https:\/\/caminodelospilones.com\/fr\/comment-sy-rendre\/#breadcrumb","itemListElement":[{"@type":"ListItem","position":1,"name":"Portada","item":"https:\/\/caminodelospilones.com\/fr\/accueil\/"},{"@type":"ListItem","position":2,"name":"Comment s&rsquo;y rendre"}]},{"@type":"WebSite","@id":"https:\/\/caminodelospilones.com\/#website","url":"https:\/\/caminodelospilones.com\/","name":"Camino de los Pilones","description":"","publisher":{"@id":"https:\/\/caminodelospilones.com\/#organization"},"potentialAction":[{"@type":"SearchAction","target":{"@type":"EntryPoint","urlTemplate":"https:\/\/caminodelospilones.com\/?s={search_term_string}"},"query-input":{"@type":"PropertyValueSpecification","valueRequired":true,"valueName":"search_term_string"}}],"inLanguage":"fr-FR"},{"@type":"Organization","@id":"https:\/\/caminodelospilones.com\/#organization","name":"Camino de los Pilones","url":"https:\/\/caminodelospilones.com\/","logo":{"@type":"ImageObject","inLanguage":"fr-FR","@id":"https:\/\/caminodelospilones.com\/#\/schema\/logo\/image\/","url":"https:\/\/caminodelospilones.com\/wp-content\/uploads\/2024\/08\/PILONES-LOGO_Mesa-de-trabajo-1-copia-2.png","contentUrl":"https:\/\/caminodelospilones.com\/wp-content\/uploads\/2024\/08\/PILONES-LOGO_Mesa-de-trabajo-1-copia-2.png","width":1458,"height":424,"caption":"Camino de los Pilones"},"image":{"@id":"https:\/\/caminodelospilones.com\/#\/schema\/logo\/image\/"}}]}},"_links":{"self":[{"href":"https:\/\/caminodelospilones.com\/fr\/wp-json\/wp\/v2\/pages\/1346","targetHints":{"allow":["GET"]}}],"collection":[{"href":"https:\/\/caminodelospilones.com\/fr\/wp-json\/wp\/v2\/pages"}],"about":[{"href":"https:\/\/caminodelospilones.com\/fr\/wp-json\/wp\/v2\/types\/page"}],"author":[{"embeddable":true,"href":"https:\/\/caminodelospilones.com\/fr\/wp-json\/wp\/v2\/users\/1"}],"replies":[{"embeddable":true,"href":"https:\/\/caminodelospilones.com\/fr\/wp-json\/wp\/v2\/comments?post=1346"}],"version-history":[{"count":1,"href":"https:\/\/caminodelospilones.com\/fr\/wp-json\/wp\/v2\/pages\/1346\/revisions"}],"predecessor-version":[{"id":1352,"href":"https:\/\/caminodelospilones.com\/fr\/wp-json\/wp\/v2\/pages\/1346\/revisions\/1352"}],"wp:attachment":[{"href":"https:\/\/caminodelospilones.com\/fr\/wp-json\/wp\/v2\/media?parent=1346"}],"curies":[{"name":"wp","href":"https:\/\/api.w.org\/{rel}","templated":true}]}}