{"id":1372,"date":"2024-10-07T12:55:15","date_gmt":"2024-10-07T10:55:15","guid":{"rendered":"https:\/\/caminodelospilones.com\/personnages\/"},"modified":"2024-10-31T16:53:38","modified_gmt":"2024-10-31T15:53:38","slug":"personnages","status":"publish","type":"page","link":"https:\/\/caminodelospilones.com\/fr\/personnages\/","title":{"rendered":"Personnages"},"content":{"rendered":"\t\t<div data-elementor-type=\"wp-page\" data-elementor-id=\"1372\" class=\"elementor elementor-1372 elementor-679\" data-elementor-post-type=\"page\">\n\t\t\t\t<div data-particle_enable=\"false\" data-particle-mobile-disabled=\"false\" class=\"elementor-element elementor-element-92cf21d e-flex e-con-boxed e-con e-parent\" data-id=\"92cf21d\" data-element_type=\"container\" data-e-type=\"container\">\n\t\t\t\t\t<div class=\"e-con-inner\">\n\t\t\t\t<div class=\"elementor-element elementor-element-4c0f126 elementor-widget elementor-widget-spacer\" data-id=\"4c0f126\" data-element_type=\"widget\" data-e-type=\"widget\" data-widget_type=\"spacer.default\">\n\t\t\t\t<div class=\"elementor-widget-container\">\n\t\t\t\t\t\t\t<div class=\"elementor-spacer\">\n\t\t\t<div class=\"elementor-spacer-inner\"><\/div>\n\t\t<\/div>\n\t\t\t\t\t\t<\/div>\n\t\t\t\t<\/div>\n\t\t\t\t<div class=\"elementor-element elementor-element-feac044 elementor-widget elementor-widget-heading\" data-id=\"feac044\" data-element_type=\"widget\" data-e-type=\"widget\" data-widget_type=\"heading.default\">\n\t\t\t\t<div class=\"elementor-widget-container\">\n\t\t\t\t\t<h2 class=\"elementor-heading-title elementor-size-default\">Personnages<\/h2>\t\t\t\t<\/div>\n\t\t\t\t<\/div>\n\t\t\t\t\t<\/div>\n\t\t\t\t<\/div>\n\t\t<div data-particle_enable=\"false\" data-particle-mobile-disabled=\"false\" class=\"elementor-element elementor-element-7d194b0 e-flex e-con-boxed e-con e-parent\" data-id=\"7d194b0\" data-element_type=\"container\" data-e-type=\"container\">\n\t\t\t\t\t<div class=\"e-con-inner\">\n\t\t\t\t<div class=\"elementor-element elementor-element-bb8f958 elementor-widget-divider--separator-type-pattern elementor-widget-divider--no-spacing elementor-widget-divider--view-line elementor-widget elementor-widget-divider\" data-id=\"bb8f958\" data-element_type=\"widget\" data-e-type=\"widget\" data-widget_type=\"divider.default\">\n\t\t\t\t<div class=\"elementor-widget-container\">\n\t\t\t\t\t\t\t<div class=\"elementor-divider\" style=\"--divider-pattern-url: url(&quot;data:image\/svg+xml,%3Csvg xmlns=&#039;http:\/\/www.w3.org\/2000\/svg&#039; preserveAspectRatio=&#039;xMidYMid meet&#039; overflow=&#039;visible&#039; height=&#039;100%&#039; viewBox=&#039;0 0 120 26&#039; fill=&#039;black&#039; stroke=&#039;none&#039;%3E%3Cpath d=&#039;M11.9,15.9L11.9,15.9L0,16c-0.2-3.7,1.5-5.7,4.9-6C10,9.6,12.4,14.2,11.9,15.9zM26.9,15.9L26.9,15.9L15,16c0.5-3.7,2.5-5.7,5.9-6C26,9.6,27.4,14.2,26.9,15.9z M37.1,10c3.4,0.3,5.1,2.3,4.9,6H30.1C29.5,14.4,31.9,9.6,37.1,10z M57,15.9L57,15.9L45,16c0-3.4,1.6-5.4,4.9-5.9C54.8,9.3,57.4,14.2,57,15.9z M71.9,15.9L71.9,15.9L60,16c-0.2-3.7,1.5-5.7,4.9-6C70,9.6,72.4,14.2,71.9,15.9z M82.2,10c3.4,0.3,5,2.3,4.8,6H75.3C74,13,77.1,9.6,82.2,10zM101.9,15.9L101.9,15.9L90,16c-0.2-3.7,1.5-5.7,4.9-6C100,9.6,102.4,14.2,101.9,15.9z M112.1,10.1c2.7,0.5,4.3,2.5,4.9,5.9h-11.9l0,0C104.5,14.4,108,9.3,112.1,10.1z&#039;\/%3E%3C\/svg%3E&quot;);\">\n\t\t\t<span class=\"elementor-divider-separator\">\n\t\t\t\t\t\t<\/span>\n\t\t<\/div>\n\t\t\t\t\t\t<\/div>\n\t\t\t\t<\/div>\n\t\t\t\t\t<\/div>\n\t\t\t\t<\/div>\n\t\t<div data-particle_enable=\"false\" data-particle-mobile-disabled=\"false\" class=\"elementor-element elementor-element-1fda743 e-flex e-con-boxed e-con e-parent\" data-id=\"1fda743\" data-element_type=\"container\" data-e-type=\"container\">\n\t\t\t\t\t<div class=\"e-con-inner\">\n\t\t\t\t<div class=\"elementor-element elementor-element-4f46ebf elementor-blockquote--skin-boxed elementor-widget elementor-widget-blockquote\" data-id=\"4f46ebf\" data-element_type=\"widget\" data-e-type=\"widget\" data-widget_type=\"blockquote.default\">\n\t\t\t\t<div class=\"elementor-widget-container\">\n\t\t\t\t\t\t\t<blockquote class=\"elementor-blockquote\">\n\t\t\t<p class=\"elementor-blockquote__content\">\n\t\t\t\tLe long de la route du \"Camino de los Pilones\", vous trouverez divers panneaux d'interpr\u00e9tation qui fournissent des informations pour vous aider \u00e0 comprendre l'importance de cet itin\u00e9raire. Vous pourrez \u00e9galement rencontrer diverses personnes li\u00e9es \u00e0 l'itin\u00e9raire et vous trouverez une curieuse installation sur l'\u00e9volution de la signalisation en Espagne.   \t\t\t<\/p>\n\t\t\t\t\t<\/blockquote>\n\t\t\t\t\t\t<\/div>\n\t\t\t\t<\/div>\n\t\t\t\t\t<\/div>\n\t\t\t\t<\/div>\n\t\t<div data-particle_enable=\"false\" data-particle-mobile-disabled=\"false\" class=\"elementor-element elementor-element-dfaaae3 e-flex e-con-boxed e-con e-parent\" data-id=\"dfaaae3\" data-element_type=\"container\" data-e-type=\"container\">\n\t\t\t\t\t<div class=\"e-con-inner\">\n\t\t<div data-particle_enable=\"false\" data-particle-mobile-disabled=\"false\" class=\"elementor-element elementor-element-28a23f3 e-con-full e-flex e-con e-child\" data-id=\"28a23f3\" data-element_type=\"container\" data-e-type=\"container\">\n\t\t\t\t<div class=\"elementor-element elementor-element-c3db77b dce_masking-none elementor-widget elementor-widget-image\" data-id=\"c3db77b\" data-element_type=\"widget\" data-e-type=\"widget\" data-widget_type=\"image.default\">\n\t\t\t\t<div class=\"elementor-widget-container\">\n\t\t\t\t\t\t\t\t\t\t\t\t\t\t\t\t<a href=\"https:\/\/caminodelospilones.com\/el-rey-jaime-i-el-conquistador\/\">\n\t\t\t\t\t\t\t<img decoding=\"async\" src=\"https:\/\/caminodelospilones.com\/wp-content\/plugins\/elementor\/assets\/images\/placeholder.png\" title=\"\" alt=\"\" loading=\"lazy\" \/>\t\t\t\t\t\t\t\t<\/a>\n\t\t\t\t\t\t\t\t\t\t\t\t\t\t\t<\/div>\n\t\t\t\t<\/div>\n\t\t\t\t<div class=\"elementor-element elementor-element-46c70df elementor-widget elementor-widget-heading\" data-id=\"46c70df\" data-element_type=\"widget\" data-e-type=\"widget\" data-widget_type=\"heading.default\">\n\t\t\t\t<div class=\"elementor-widget-container\">\n\t\t\t\t\t<h2 class=\"elementor-heading-title elementor-size-default\"><a href=\"https:\/\/caminodelospilones.com\/el-rey-jaime-i-el-conquistador\/\">Le roi Jacques Ier le Conqu\u00e9rant<\/a><\/h2>\t\t\t\t<\/div>\n\t\t\t\t<\/div>\n\t\t\t\t<div class=\"elementor-element elementor-element-475ea55 elementor-align-left elementor-widget elementor-widget-button\" data-id=\"475ea55\" data-element_type=\"widget\" data-e-type=\"widget\" data-widget_type=\"button.default\">\n\t\t\t\t<div class=\"elementor-widget-container\">\n\t\t\t\t\t\t\t\t\t<div class=\"elementor-button-wrapper\">\n\t\t\t\t\t<a class=\"elementor-button elementor-button-link elementor-size-sm\" href=\"https:\/\/caminodelospilones.com\/el-rey-jaime-i-el-conquistador\/\">\n\t\t\t\t\t\t<span class=\"elementor-button-content-wrapper\">\n\t\t\t\t\t\t\t\t\t<span class=\"elementor-button-text\">EN SAVOIR PLUS<\/span>\n\t\t\t\t\t<\/span>\n\t\t\t\t\t<\/a>\n\t\t\t\t<\/div>\n\t\t\t\t\t\t\t\t<\/div>\n\t\t\t\t<\/div>\n\t\t\t\t<\/div>\n\t\t<div data-particle_enable=\"false\" data-particle-mobile-disabled=\"false\" class=\"elementor-element elementor-element-7843fa2 e-con-full e-flex e-con e-child\" data-id=\"7843fa2\" data-element_type=\"container\" data-e-type=\"container\">\n\t\t\t\t<div class=\"elementor-element elementor-element-57806f5 dce_masking-none elementor-widget elementor-widget-image\" data-id=\"57806f5\" data-element_type=\"widget\" data-e-type=\"widget\" data-widget_type=\"image.default\">\n\t\t\t\t<div class=\"elementor-widget-container\">\n\t\t\t\t\t\t\t\t\t\t\t\t\t\t\t\t<a href=\"https:\/\/caminodelospilones.com\/el-tratante\/\">\n\t\t\t\t\t\t\t<img decoding=\"async\" src=\"https:\/\/caminodelospilones.com\/wp-content\/plugins\/elementor\/assets\/images\/placeholder.png\" title=\"\" alt=\"\" loading=\"lazy\" \/>\t\t\t\t\t\t\t\t<\/a>\n\t\t\t\t\t\t\t\t\t\t\t\t\t\t\t<\/div>\n\t\t\t\t<\/div>\n\t\t\t\t<div class=\"elementor-element elementor-element-854fa29 elementor-widget elementor-widget-heading\" data-id=\"854fa29\" data-element_type=\"widget\" data-e-type=\"widget\" data-widget_type=\"heading.default\">\n\t\t\t\t<div class=\"elementor-widget-container\">\n\t\t\t\t\t<h2 class=\"elementor-heading-title elementor-size-default\"><a href=\"https:\/\/caminodelospilones.com\/el-tratante\/\">Le trafiquant<\/a><\/h2>\t\t\t\t<\/div>\n\t\t\t\t<\/div>\n\t\t\t\t<div class=\"elementor-element elementor-element-13445d8 elementor-widget elementor-widget-spacer\" data-id=\"13445d8\" data-element_type=\"widget\" data-e-type=\"widget\" data-widget_type=\"spacer.default\">\n\t\t\t\t<div class=\"elementor-widget-container\">\n\t\t\t\t\t\t\t<div class=\"elementor-spacer\">\n\t\t\t<div class=\"elementor-spacer-inner\"><\/div>\n\t\t<\/div>\n\t\t\t\t\t\t<\/div>\n\t\t\t\t<\/div>\n\t\t\t\t<div class=\"elementor-element elementor-element-1e0e2ec elementor-align-left elementor-widget elementor-widget-button\" data-id=\"1e0e2ec\" data-element_type=\"widget\" data-e-type=\"widget\" data-widget_type=\"button.default\">\n\t\t\t\t<div class=\"elementor-widget-container\">\n\t\t\t\t\t\t\t\t\t<div class=\"elementor-button-wrapper\">\n\t\t\t\t\t<a class=\"elementor-button elementor-button-link elementor-size-sm\" href=\"https:\/\/caminodelospilones.com\/el-tratante\/\">\n\t\t\t\t\t\t<span class=\"elementor-button-content-wrapper\">\n\t\t\t\t\t\t\t\t\t<span class=\"elementor-button-text\">EN SAVOIR PLUS<\/span>\n\t\t\t\t\t<\/span>\n\t\t\t\t\t<\/a>\n\t\t\t\t<\/div>\n\t\t\t\t\t\t\t\t<\/div>\n\t\t\t\t<\/div>\n\t\t\t\t<\/div>\n\t\t<div data-particle_enable=\"false\" data-particle-mobile-disabled=\"false\" class=\"elementor-element elementor-element-ad95617 e-con-full e-flex e-con e-child\" data-id=\"ad95617\" data-element_type=\"container\" data-e-type=\"container\">\n\t\t\t\t<div class=\"elementor-element elementor-element-d0f901d dce_masking-none elementor-widget elementor-widget-image\" data-id=\"d0f901d\" data-element_type=\"widget\" data-e-type=\"widget\" data-widget_type=\"image.default\">\n\t\t\t\t<div class=\"elementor-widget-container\">\n\t\t\t\t\t\t\t\t\t\t\t\t\t\t\t\t<a href=\"https:\/\/caminodelospilones.com\/el-pastor\/\">\n\t\t\t\t\t\t\t<img decoding=\"async\" src=\"https:\/\/caminodelospilones.com\/wp-content\/plugins\/elementor\/assets\/images\/placeholder.png\" title=\"\" alt=\"\" loading=\"lazy\" \/>\t\t\t\t\t\t\t\t<\/a>\n\t\t\t\t\t\t\t\t\t\t\t\t\t\t\t<\/div>\n\t\t\t\t<\/div>\n\t\t\t\t<div class=\"elementor-element elementor-element-95c060f elementor-widget elementor-widget-heading\" data-id=\"95c060f\" data-element_type=\"widget\" data-e-type=\"widget\" data-widget_type=\"heading.default\">\n\t\t\t\t<div class=\"elementor-widget-container\">\n\t\t\t\t\t<h2 class=\"elementor-heading-title elementor-size-default\"><a href=\"https:\/\/caminodelospilones.com\/el-pastor\/\">Le berger<\/a><\/h2>\t\t\t\t<\/div>\n\t\t\t\t<\/div>\n\t\t\t\t<div class=\"elementor-element elementor-element-747a590 elementor-widget elementor-widget-spacer\" data-id=\"747a590\" data-element_type=\"widget\" data-e-type=\"widget\" data-widget_type=\"spacer.default\">\n\t\t\t\t<div class=\"elementor-widget-container\">\n\t\t\t\t\t\t\t<div class=\"elementor-spacer\">\n\t\t\t<div class=\"elementor-spacer-inner\"><\/div>\n\t\t<\/div>\n\t\t\t\t\t\t<\/div>\n\t\t\t\t<\/div>\n\t\t\t\t<div class=\"elementor-element elementor-element-8ea9cde elementor-align-left elementor-widget elementor-widget-button\" data-id=\"8ea9cde\" data-element_type=\"widget\" data-e-type=\"widget\" data-widget_type=\"button.default\">\n\t\t\t\t<div class=\"elementor-widget-container\">\n\t\t\t\t\t\t\t\t\t<div class=\"elementor-button-wrapper\">\n\t\t\t\t\t<a class=\"elementor-button elementor-button-link elementor-size-sm\" href=\"https:\/\/caminodelospilones.com\/el-pastor\/\">\n\t\t\t\t\t\t<span class=\"elementor-button-content-wrapper\">\n\t\t\t\t\t\t\t\t\t<span class=\"elementor-button-text\">EN SAVOIR PLUS<\/span>\n\t\t\t\t\t<\/span>\n\t\t\t\t\t<\/a>\n\t\t\t\t<\/div>\n\t\t\t\t\t\t\t\t<\/div>\n\t\t\t\t<\/div>\n\t\t\t\t<\/div>\n\t\t<div data-particle_enable=\"false\" data-particle-mobile-disabled=\"false\" class=\"elementor-element elementor-element-fc40d72 e-con-full e-flex e-con e-child\" data-id=\"fc40d72\" data-element_type=\"container\" data-e-type=\"container\">\n\t\t\t\t<div class=\"elementor-element elementor-element-b09f136 dce_masking-none elementor-widget elementor-widget-image\" data-id=\"b09f136\" data-element_type=\"widget\" data-e-type=\"widget\" data-widget_type=\"image.default\">\n\t\t\t\t<div class=\"elementor-widget-container\">\n\t\t\t\t\t\t\t\t\t\t\t\t\t\t\t\t<a href=\"https:\/\/caminodelospilones.com\/la-senalizacion-de-carreteras-y-nieve\/\">\n\t\t\t\t\t\t\t<img decoding=\"async\" src=\"https:\/\/caminodelospilones.com\/wp-content\/plugins\/elementor\/assets\/images\/placeholder.png\" title=\"\" alt=\"\" loading=\"lazy\" \/>\t\t\t\t\t\t\t\t<\/a>\n\t\t\t\t\t\t\t\t\t\t\t\t\t\t\t<\/div>\n\t\t\t\t<\/div>\n\t\t\t\t<div class=\"elementor-element elementor-element-ffa5b77 elementor-widget elementor-widget-heading\" data-id=\"ffa5b77\" data-element_type=\"widget\" data-e-type=\"widget\" data-widget_type=\"heading.default\">\n\t\t\t\t<div class=\"elementor-widget-container\">\n\t\t\t\t\t<h2 class=\"elementor-heading-title elementor-size-default\"><a href=\"https:\/\/caminodelospilones.com\/la-senalizacion-de-carreteras-y-nieve\/\">Signalisation des routes et de la neige<\/a><\/h2>\t\t\t\t<\/div>\n\t\t\t\t<\/div>\n\t\t\t\t<div class=\"elementor-element elementor-element-068139a elementor-align-left elementor-widget elementor-widget-button\" data-id=\"068139a\" data-element_type=\"widget\" data-e-type=\"widget\" data-widget_type=\"button.default\">\n\t\t\t\t<div class=\"elementor-widget-container\">\n\t\t\t\t\t\t\t\t\t<div class=\"elementor-button-wrapper\">\n\t\t\t\t\t<a class=\"elementor-button elementor-button-link elementor-size-sm\" href=\"https:\/\/caminodelospilones.com\/la-senalizacion-de-carreteras-y-nieve\/\">\n\t\t\t\t\t\t<span class=\"elementor-button-content-wrapper\">\n\t\t\t\t\t\t\t\t\t<span class=\"elementor-button-text\">EN SAVOIR PLUS<\/span>\n\t\t\t\t\t<\/span>\n\t\t\t\t\t<\/a>\n\t\t\t\t<\/div>\n\t\t\t\t\t\t\t\t<\/div>\n\t\t\t\t<\/div>\n\t\t\t\t<\/div>\n\t\t\t\t\t<\/div>\n\t\t\t\t<\/div>\n\t\t<div data-particle_enable=\"false\" data-particle-mobile-disabled=\"false\" class=\"elementor-element elementor-element-b8146dc e-flex e-con-boxed e-con e-parent\" data-id=\"b8146dc\" data-element_type=\"container\" data-e-type=\"container\">\n\t\t\t\t\t<div class=\"e-con-inner\">\n\t\t\t\t<div class=\"elementor-element elementor-element-19cf1b5 elementor-widget elementor-widget-spacer\" data-id=\"19cf1b5\" data-element_type=\"widget\" data-e-type=\"widget\" data-widget_type=\"spacer.default\">\n\t\t\t\t<div class=\"elementor-widget-container\">\n\t\t\t\t\t\t\t<div class=\"elementor-spacer\">\n\t\t\t<div class=\"elementor-spacer-inner\"><\/div>\n\t\t<\/div>\n\t\t\t\t\t\t<\/div>\n\t\t\t\t<\/div>\n\t\t\t\t\t<\/div>\n\t\t\t\t<\/div>\n\t\t\t\t<\/div>\n\t\t","protected":false},"excerpt":{"rendered":"<p>Personnages Le long de la route du \u00ab\u00a0Camino de los Pilones\u00a0\u00bb, vous trouverez divers panneaux d&rsquo;interpr\u00e9tation qui fournissent des informations pour vous aider \u00e0 comprendre l&rsquo;importance de cet itin\u00e9raire. Vous pourrez \u00e9galement rencontrer diverses personnes li\u00e9es \u00e0 l&rsquo;itin\u00e9raire et vous trouverez une curieuse installation sur l&rsquo;\u00e9volution de la signalisation en Espagne. Le roi Jacques Ier [&hellip;]<\/p>\n","protected":false},"author":1,"featured_media":0,"parent":0,"menu_order":0,"comment_status":"closed","ping_status":"closed","template":"","meta":{"_acf_changed":false,"footnotes":""},"class_list":["post-1372","page","type-page","status-publish","hentry"],"acf":[],"yoast_head":"<!-- This site is optimized with the Yoast SEO plugin v27.3 - https:\/\/yoast.com\/product\/yoast-seo-wordpress\/ -->\n<title>Personnages - Camino de los Pilones<\/title>\n<meta name=\"robots\" content=\"index, follow, max-snippet:-1, max-image-preview:large, max-video-preview:-1\" \/>\n<link rel=\"canonical\" href=\"https:\/\/caminodelospilones.com\/fr\/personnages\/\" \/>\n<meta property=\"og:locale\" content=\"fr_FR\" \/>\n<meta property=\"og:type\" content=\"article\" \/>\n<meta property=\"og:title\" content=\"Personnages - Camino de los Pilones\" \/>\n<meta property=\"og:description\" content=\"Personnages Le long de la route du \u00ab\u00a0Camino de los Pilones\u00a0\u00bb, vous trouverez divers panneaux d&rsquo;interpr\u00e9tation qui fournissent des informations pour vous aider \u00e0 comprendre l&rsquo;importance de cet itin\u00e9raire. Vous pourrez \u00e9galement rencontrer diverses personnes li\u00e9es \u00e0 l&rsquo;itin\u00e9raire et vous trouverez une curieuse installation sur l&rsquo;\u00e9volution de la signalisation en Espagne. Le roi Jacques Ier [&hellip;]\" \/>\n<meta property=\"og:url\" content=\"https:\/\/caminodelospilones.com\/fr\/personnages\/\" \/>\n<meta property=\"og:site_name\" content=\"Camino de los Pilones\" \/>\n<meta property=\"article:modified_time\" content=\"2024-10-31T15:53:38+00:00\" \/>\n<meta property=\"og:image\" content=\"https:\/\/caminodelospilones.com\/wp-content\/plugins\/elementor\/assets\/images\/placeholder.png\" \/>\n<meta name=\"twitter:card\" content=\"summary_large_image\" \/>\n<script type=\"application\/ld+json\" class=\"yoast-schema-graph\">{\"@context\":\"https:\\\/\\\/schema.org\",\"@graph\":[{\"@type\":\"WebPage\",\"@id\":\"https:\\\/\\\/caminodelospilones.com\\\/fr\\\/personnages\\\/\",\"url\":\"https:\\\/\\\/caminodelospilones.com\\\/fr\\\/personnages\\\/\",\"name\":\"Personnages - Camino de los Pilones\",\"isPartOf\":{\"@id\":\"https:\\\/\\\/caminodelospilones.com\\\/#website\"},\"primaryImageOfPage\":{\"@id\":\"https:\\\/\\\/caminodelospilones.com\\\/fr\\\/personnages\\\/#primaryimage\"},\"image\":{\"@id\":\"https:\\\/\\\/caminodelospilones.com\\\/fr\\\/personnages\\\/#primaryimage\"},\"thumbnailUrl\":\"https:\\\/\\\/caminodelospilones.com\\\/wp-content\\\/plugins\\\/elementor\\\/assets\\\/images\\\/placeholder.png\",\"datePublished\":\"2024-10-07T10:55:15+00:00\",\"dateModified\":\"2024-10-31T15:53:38+00:00\",\"breadcrumb\":{\"@id\":\"https:\\\/\\\/caminodelospilones.com\\\/fr\\\/personnages\\\/#breadcrumb\"},\"inLanguage\":\"fr-FR\",\"potentialAction\":[{\"@type\":\"ReadAction\",\"target\":[\"https:\\\/\\\/caminodelospilones.com\\\/fr\\\/personnages\\\/\"]}]},{\"@type\":\"ImageObject\",\"inLanguage\":\"fr-FR\",\"@id\":\"https:\\\/\\\/caminodelospilones.com\\\/fr\\\/personnages\\\/#primaryimage\",\"url\":\"https:\\\/\\\/caminodelospilones.com\\\/wp-content\\\/plugins\\\/elementor\\\/assets\\\/images\\\/placeholder.png\",\"contentUrl\":\"https:\\\/\\\/caminodelospilones.com\\\/wp-content\\\/plugins\\\/elementor\\\/assets\\\/images\\\/placeholder.png\"},{\"@type\":\"BreadcrumbList\",\"@id\":\"https:\\\/\\\/caminodelospilones.com\\\/fr\\\/personnages\\\/#breadcrumb\",\"itemListElement\":[{\"@type\":\"ListItem\",\"position\":1,\"name\":\"Portada\",\"item\":\"https:\\\/\\\/caminodelospilones.com\\\/fr\\\/accueil\\\/\"},{\"@type\":\"ListItem\",\"position\":2,\"name\":\"Personnages\"}]},{\"@type\":\"WebSite\",\"@id\":\"https:\\\/\\\/caminodelospilones.com\\\/#website\",\"url\":\"https:\\\/\\\/caminodelospilones.com\\\/\",\"name\":\"Camino de los Pilones\",\"description\":\"\",\"publisher\":{\"@id\":\"https:\\\/\\\/caminodelospilones.com\\\/#organization\"},\"potentialAction\":[{\"@type\":\"SearchAction\",\"target\":{\"@type\":\"EntryPoint\",\"urlTemplate\":\"https:\\\/\\\/caminodelospilones.com\\\/?s={search_term_string}\"},\"query-input\":{\"@type\":\"PropertyValueSpecification\",\"valueRequired\":true,\"valueName\":\"search_term_string\"}}],\"inLanguage\":\"fr-FR\"},{\"@type\":\"Organization\",\"@id\":\"https:\\\/\\\/caminodelospilones.com\\\/#organization\",\"name\":\"Camino de los Pilones\",\"url\":\"https:\\\/\\\/caminodelospilones.com\\\/\",\"logo\":{\"@type\":\"ImageObject\",\"inLanguage\":\"fr-FR\",\"@id\":\"https:\\\/\\\/caminodelospilones.com\\\/#\\\/schema\\\/logo\\\/image\\\/\",\"url\":\"https:\\\/\\\/caminodelospilones.com\\\/wp-content\\\/uploads\\\/2024\\\/08\\\/PILONES-LOGO_Mesa-de-trabajo-1-copia-2.png\",\"contentUrl\":\"https:\\\/\\\/caminodelospilones.com\\\/wp-content\\\/uploads\\\/2024\\\/08\\\/PILONES-LOGO_Mesa-de-trabajo-1-copia-2.png\",\"width\":1458,\"height\":424,\"caption\":\"Camino de los Pilones\"},\"image\":{\"@id\":\"https:\\\/\\\/caminodelospilones.com\\\/#\\\/schema\\\/logo\\\/image\\\/\"}}]}<\/script>\n<!-- \/ Yoast SEO plugin. -->","yoast_head_json":{"title":"Personnages - Camino de los Pilones","robots":{"index":"index","follow":"follow","max-snippet":"max-snippet:-1","max-image-preview":"max-image-preview:large","max-video-preview":"max-video-preview:-1"},"canonical":"https:\/\/caminodelospilones.com\/fr\/personnages\/","og_locale":"fr_FR","og_type":"article","og_title":"Personnages - Camino de los Pilones","og_description":"Personnages Le long de la route du \u00ab\u00a0Camino de los Pilones\u00a0\u00bb, vous trouverez divers panneaux d&rsquo;interpr\u00e9tation qui fournissent des informations pour vous aider \u00e0 comprendre l&rsquo;importance de cet itin\u00e9raire. Vous pourrez \u00e9galement rencontrer diverses personnes li\u00e9es \u00e0 l&rsquo;itin\u00e9raire et vous trouverez une curieuse installation sur l&rsquo;\u00e9volution de la signalisation en Espagne. Le roi Jacques Ier [&hellip;]","og_url":"https:\/\/caminodelospilones.com\/fr\/personnages\/","og_site_name":"Camino de los Pilones","article_modified_time":"2024-10-31T15:53:38+00:00","og_image":[{"url":"https:\/\/caminodelospilones.com\/wp-content\/plugins\/elementor\/assets\/images\/placeholder.png","type":"","width":"","height":""}],"twitter_card":"summary_large_image","schema":{"@context":"https:\/\/schema.org","@graph":[{"@type":"WebPage","@id":"https:\/\/caminodelospilones.com\/fr\/personnages\/","url":"https:\/\/caminodelospilones.com\/fr\/personnages\/","name":"Personnages - Camino de los Pilones","isPartOf":{"@id":"https:\/\/caminodelospilones.com\/#website"},"primaryImageOfPage":{"@id":"https:\/\/caminodelospilones.com\/fr\/personnages\/#primaryimage"},"image":{"@id":"https:\/\/caminodelospilones.com\/fr\/personnages\/#primaryimage"},"thumbnailUrl":"https:\/\/caminodelospilones.com\/wp-content\/plugins\/elementor\/assets\/images\/placeholder.png","datePublished":"2024-10-07T10:55:15+00:00","dateModified":"2024-10-31T15:53:38+00:00","breadcrumb":{"@id":"https:\/\/caminodelospilones.com\/fr\/personnages\/#breadcrumb"},"inLanguage":"fr-FR","potentialAction":[{"@type":"ReadAction","target":["https:\/\/caminodelospilones.com\/fr\/personnages\/"]}]},{"@type":"ImageObject","inLanguage":"fr-FR","@id":"https:\/\/caminodelospilones.com\/fr\/personnages\/#primaryimage","url":"https:\/\/caminodelospilones.com\/wp-content\/plugins\/elementor\/assets\/images\/placeholder.png","contentUrl":"https:\/\/caminodelospilones.com\/wp-content\/plugins\/elementor\/assets\/images\/placeholder.png"},{"@type":"BreadcrumbList","@id":"https:\/\/caminodelospilones.com\/fr\/personnages\/#breadcrumb","itemListElement":[{"@type":"ListItem","position":1,"name":"Portada","item":"https:\/\/caminodelospilones.com\/fr\/accueil\/"},{"@type":"ListItem","position":2,"name":"Personnages"}]},{"@type":"WebSite","@id":"https:\/\/caminodelospilones.com\/#website","url":"https:\/\/caminodelospilones.com\/","name":"Camino de los Pilones","description":"","publisher":{"@id":"https:\/\/caminodelospilones.com\/#organization"},"potentialAction":[{"@type":"SearchAction","target":{"@type":"EntryPoint","urlTemplate":"https:\/\/caminodelospilones.com\/?s={search_term_string}"},"query-input":{"@type":"PropertyValueSpecification","valueRequired":true,"valueName":"search_term_string"}}],"inLanguage":"fr-FR"},{"@type":"Organization","@id":"https:\/\/caminodelospilones.com\/#organization","name":"Camino de los Pilones","url":"https:\/\/caminodelospilones.com\/","logo":{"@type":"ImageObject","inLanguage":"fr-FR","@id":"https:\/\/caminodelospilones.com\/#\/schema\/logo\/image\/","url":"https:\/\/caminodelospilones.com\/wp-content\/uploads\/2024\/08\/PILONES-LOGO_Mesa-de-trabajo-1-copia-2.png","contentUrl":"https:\/\/caminodelospilones.com\/wp-content\/uploads\/2024\/08\/PILONES-LOGO_Mesa-de-trabajo-1-copia-2.png","width":1458,"height":424,"caption":"Camino de los Pilones"},"image":{"@id":"https:\/\/caminodelospilones.com\/#\/schema\/logo\/image\/"}}]}},"_links":{"self":[{"href":"https:\/\/caminodelospilones.com\/fr\/wp-json\/wp\/v2\/pages\/1372","targetHints":{"allow":["GET"]}}],"collection":[{"href":"https:\/\/caminodelospilones.com\/fr\/wp-json\/wp\/v2\/pages"}],"about":[{"href":"https:\/\/caminodelospilones.com\/fr\/wp-json\/wp\/v2\/types\/page"}],"author":[{"embeddable":true,"href":"https:\/\/caminodelospilones.com\/fr\/wp-json\/wp\/v2\/users\/1"}],"replies":[{"embeddable":true,"href":"https:\/\/caminodelospilones.com\/fr\/wp-json\/wp\/v2\/comments?post=1372"}],"version-history":[{"count":1,"href":"https:\/\/caminodelospilones.com\/fr\/wp-json\/wp\/v2\/pages\/1372\/revisions"}],"predecessor-version":[{"id":1374,"href":"https:\/\/caminodelospilones.com\/fr\/wp-json\/wp\/v2\/pages\/1372\/revisions\/1374"}],"wp:attachment":[{"href":"https:\/\/caminodelospilones.com\/fr\/wp-json\/wp\/v2\/media?parent=1372"}],"curies":[{"name":"wp","href":"https:\/\/api.w.org\/{rel}","templated":true}]}}