{"id":1398,"date":"2024-10-02T17:02:33","date_gmt":"2024-10-02T15:02:33","guid":{"rendered":"https:\/\/caminodelospilones.com\/quest-ce-que-la-route-des-pylones\/"},"modified":"2024-10-31T16:54:10","modified_gmt":"2024-10-31T15:54:10","slug":"quest-ce-que-la-route-des-pylones","status":"publish","type":"page","link":"https:\/\/caminodelospilones.com\/fr\/quest-ce-que-la-route-des-pylones\/","title":{"rendered":"Qu&rsquo;est-ce que la route des pyl\u00f4nes ?"},"content":{"rendered":"\t\t<div data-elementor-type=\"wp-page\" data-elementor-id=\"1398\" class=\"elementor elementor-1398 elementor-343\" data-elementor-post-type=\"page\">\n\t\t\t\t<div data-particle_enable=\"false\" data-particle-mobile-disabled=\"false\" class=\"elementor-element elementor-element-1a567bb e-flex e-con-boxed e-con e-parent\" data-id=\"1a567bb\" data-element_type=\"container\" data-e-type=\"container\">\n\t\t\t\t\t<div class=\"e-con-inner\">\n\t\t\t\t<div class=\"elementor-element elementor-element-6eb7410 elementor-widget elementor-widget-spacer\" data-id=\"6eb7410\" data-element_type=\"widget\" data-e-type=\"widget\" data-widget_type=\"spacer.default\">\n\t\t\t\t<div class=\"elementor-widget-container\">\n\t\t\t\t\t\t\t<div class=\"elementor-spacer\">\n\t\t\t<div class=\"elementor-spacer-inner\"><\/div>\n\t\t<\/div>\n\t\t\t\t\t\t<\/div>\n\t\t\t\t<\/div>\n\t\t\t\t<div class=\"elementor-element elementor-element-55fc004 elementor-widget elementor-widget-heading\" data-id=\"55fc004\" data-element_type=\"widget\" data-e-type=\"widget\" data-widget_type=\"heading.default\">\n\t\t\t\t<div class=\"elementor-widget-container\">\n\t\t\t\t\t<h2 class=\"elementor-heading-title elementor-size-default\">Qu'est-ce que la route des pyl\u00f4nes ?<\/h2>\t\t\t\t<\/div>\n\t\t\t\t<\/div>\n\t\t\t\t<div class=\"elementor-element elementor-element-92bc0d5 elementor-widget-divider--separator-type-pattern elementor-widget-divider--no-spacing elementor-widget-divider--view-line elementor-widget elementor-widget-divider\" data-id=\"92bc0d5\" data-element_type=\"widget\" data-e-type=\"widget\" data-widget_type=\"divider.default\">\n\t\t\t\t<div class=\"elementor-widget-container\">\n\t\t\t\t\t\t\t<div class=\"elementor-divider\" style=\"--divider-pattern-url: url(&quot;data:image\/svg+xml,%3Csvg xmlns=&#039;http:\/\/www.w3.org\/2000\/svg&#039; preserveAspectRatio=&#039;xMidYMid meet&#039; overflow=&#039;visible&#039; height=&#039;100%&#039; viewBox=&#039;0 0 120 26&#039; fill=&#039;black&#039; stroke=&#039;none&#039;%3E%3Cpath d=&#039;M11.9,15.9L11.9,15.9L0,16c-0.2-3.7,1.5-5.7,4.9-6C10,9.6,12.4,14.2,11.9,15.9zM26.9,15.9L26.9,15.9L15,16c0.5-3.7,2.5-5.7,5.9-6C26,9.6,27.4,14.2,26.9,15.9z M37.1,10c3.4,0.3,5.1,2.3,4.9,6H30.1C29.5,14.4,31.9,9.6,37.1,10z M57,15.9L57,15.9L45,16c0-3.4,1.6-5.4,4.9-5.9C54.8,9.3,57.4,14.2,57,15.9z M71.9,15.9L71.9,15.9L60,16c-0.2-3.7,1.5-5.7,4.9-6C70,9.6,72.4,14.2,71.9,15.9z M82.2,10c3.4,0.3,5,2.3,4.8,6H75.3C74,13,77.1,9.6,82.2,10zM101.9,15.9L101.9,15.9L90,16c-0.2-3.7,1.5-5.7,4.9-6C100,9.6,102.4,14.2,101.9,15.9z M112.1,10.1c2.7,0.5,4.3,2.5,4.9,5.9h-11.9l0,0C104.5,14.4,108,9.3,112.1,10.1z&#039;\/%3E%3C\/svg%3E&quot;);\">\n\t\t\t<span class=\"elementor-divider-separator\">\n\t\t\t\t\t\t<\/span>\n\t\t<\/div>\n\t\t\t\t\t\t<\/div>\n\t\t\t\t<\/div>\n\t\t\t\t\t<\/div>\n\t\t\t\t<\/div>\n\t\t<div data-particle_enable=\"false\" data-particle-mobile-disabled=\"false\" class=\"elementor-element elementor-element-335e0cf e-flex e-con-boxed e-con e-parent\" data-id=\"335e0cf\" data-element_type=\"container\" data-e-type=\"container\">\n\t\t\t\t\t<div class=\"e-con-inner\">\n\t\t\t\t<div class=\"elementor-element elementor-element-f007a13 elementor-widget elementor-widget-text-editor\" data-id=\"f007a13\" data-element_type=\"widget\" data-e-type=\"widget\" data-widget_type=\"text-editor.default\">\n\t\t\t\t<div class=\"elementor-widget-container\">\n\t\t\t\t\t\t\t\t\t<p>Dans la publication au BOA de la d\u00e9claration du tron\u00e7on Allepuz-Villarroya de los Pinares comme Bien d&rsquo;Int\u00e9r\u00eat Culturel, on peut lire ce qui suit : <em>\u00ab\u00a0&#8230;Il est fort probable que cette route ait \u00e9t\u00e9 balis\u00e9e par des pyl\u00f4nes, comme nous pouvons l&#8217;emprunter aujourd&rsquo;hui, \u00e0 l&rsquo;\u00e9poque moderne, au XVIIIe si\u00e8cle, \u00e9poque \u00e0 laquelle les communications en Espagne ont \u00e9t\u00e9 rationalis\u00e9es et consid\u00e9rablement am\u00e9lior\u00e9es afin de faciliter le transit, la communication et le commerce, notamment en ce qui concerne la sortie des mati\u00e8res premi\u00e8res des zones rurales, en particulier la laine, l&rsquo;alfa et les tissus du Maestrazgo&#8230;\u00a0\u00bb.<\/em><\/p>\n\t\t\t\t\t\t\t\t<\/div>\n\t\t\t\t<\/div>\n\t\t\t\t\t<\/div>\n\t\t\t\t<\/div>\n\t\t<div data-particle_enable=\"false\" data-particle-mobile-disabled=\"false\" class=\"elementor-element elementor-element-851e123 e-flex e-con-boxed e-con e-parent\" data-id=\"851e123\" data-element_type=\"container\" data-e-type=\"container\">\n\t\t\t\t\t<div class=\"e-con-inner\">\n\t\t<div data-particle_enable=\"false\" data-particle-mobile-disabled=\"false\" class=\"elementor-element elementor-element-668f59d e-con-full e-flex e-con e-child\" data-id=\"668f59d\" data-element_type=\"container\" data-e-type=\"container\">\n\t\t\t\t<div class=\"elementor-element elementor-element-1b20fd4 elementor-widget elementor-widget-text-editor\" data-id=\"1b20fd4\" data-element_type=\"widget\" data-e-type=\"widget\" data-widget_type=\"text-editor.default\">\n\t\t\t\t<div class=\"elementor-widget-container\">\n\t\t\t\t\t\t\t\t\t<p>Le \u00a0\u00bb <strong>Camino de los Pilones\u00a0\u00bb<\/strong> est une ancienne piste cavali\u00e8re qui, partant de Teruel, se dirigeait vers Morella et Levante, en passant par diff\u00e9rentes localit\u00e9s.<\/p>\n<p>Il doit son nom \u00e0 l&rsquo;existence d&rsquo;un important groupe de colonnes ou pyl\u00f4nes en pierre, de plus de deux m\u00e8tres de haut et \u00e0 une certaine distance, qui apparaissent dans plusieurs tron\u00e7ons de la route, le plus important \u00e9tant celui qui relie les villes d&rsquo;Allepuz et de Villarroya de los Pinares, d\u00e9clar\u00e9 Bien d&rsquo;Int\u00e9r\u00eat Culturel (BIC).<\/p>\n<p>Sa principale fonction \u00e9tait de guider les voyageurs en cas de chutes de neige, de blizzards et de brouillard, tr\u00e8s fr\u00e9quents dans ces montagnes. La route \u00e9tait utilis\u00e9e pour le transport de toutes sortes de marchandises, en particulier le bl\u00e9, la laine et les tissus, ainsi que pour le transport du b\u00e9tail. Au Moyen \u00c2ge, le roi Jacques Ier l&rsquo;a \u00e9galement emprunt\u00e9e lors de ses voyages en Orient. Elle est mentionn\u00e9e \u00e0 cinq reprises entre 1231 et 1259 dans le \u00ab\u00a0Llibre dels Feits\u00a0\u00bb (Livre des Foi).  <\/p>\n\t\t\t\t\t\t\t\t<\/div>\n\t\t\t\t<\/div>\n\t\t\t\t<\/div>\n\t\t<div data-particle_enable=\"false\" data-particle-mobile-disabled=\"false\" class=\"elementor-element elementor-element-8250000 e-con-full e-flex e-con e-child\" data-id=\"8250000\" data-element_type=\"container\" data-e-type=\"container\">\n\t\t\t\t<div class=\"elementor-element elementor-element-96d8f12 elementor--h-position-center elementor--v-position-middle elementor-arrows-position-inside elementor-pagination-position-inside elementor-widget elementor-widget-slides\" data-id=\"96d8f12\" data-element_type=\"widget\" data-e-type=\"widget\" data-settings=\"{&quot;navigation&quot;:&quot;both&quot;,&quot;autoplay&quot;:&quot;yes&quot;,&quot;pause_on_hover&quot;:&quot;yes&quot;,&quot;pause_on_interaction&quot;:&quot;yes&quot;,&quot;autoplay_speed&quot;:5000,&quot;infinite&quot;:&quot;yes&quot;,&quot;transition&quot;:&quot;slide&quot;,&quot;transition_speed&quot;:500}\" data-widget_type=\"slides.default\">\n\t\t\t\t<div class=\"elementor-widget-container\">\n\t\t\t\t\t\t\t\t\t<div class=\"elementor-swiper\">\n\t\t\t\t\t<div class=\"elementor-slides-wrapper elementor-main-swiper swiper\" role=\"region\" aria-roledescription=\"carousel\" aria-label=\"Diapositives\" dir=\"ltr\" data-animation=\"fadeInUp\">\n\t\t\t\t<div class=\"swiper-wrapper elementor-slides\">\n\t\t\t\t\t\t\t\t\t\t<div class=\"elementor-repeater-item-eb6031c swiper-slide\" role=\"group\" aria-roledescription=\"slide\"><div class=\"swiper-slide-bg\" role=\"img\" aria-label=\"Etapa Allepuz-Villarroya\"><\/div><div class=\"swiper-slide-inner\" ><div class=\"swiper-slide-contents\"><\/div><\/div><\/div><div class=\"elementor-repeater-item-e9fad11 swiper-slide\" role=\"group\" aria-roledescription=\"slide\"><div class=\"swiper-slide-bg\" role=\"img\" aria-label=\"Etapa Allepuz-Villarroya\"><\/div><div class=\"swiper-slide-inner\" ><div class=\"swiper-slide-contents\"><\/div><\/div><\/div><div class=\"elementor-repeater-item-f9dd08f swiper-slide\" role=\"group\" aria-roledescription=\"slide\"><div class=\"swiper-slide-bg\" role=\"img\" aria-label=\"Etapa Allepuz-Villarroya\"><\/div><div class=\"swiper-slide-inner\" ><div class=\"swiper-slide-contents\"><\/div><\/div><\/div>\t\t\t\t<\/div>\n\t\t\t\t\t\t\t\t\t\t\t\t\t\t\t<div class=\"elementor-swiper-button elementor-swiper-button-prev\" role=\"button\" tabindex=\"0\" aria-label=\"Diapositive pr\u00e9c\u00e9dente\">\n\t\t\t\t\t\t\t<svg aria-hidden=\"true\" class=\"e-font-icon-svg e-eicon-chevron-left\" viewBox=\"0 0 1000 1000\" xmlns=\"http:\/\/www.w3.org\/2000\/svg\"><path d=\"M646 125C629 125 613 133 604 142L308 442C296 454 292 471 292 487 292 504 296 521 308 533L604 854C617 867 629 875 646 875 663 875 679 871 692 858 704 846 713 829 713 812 713 796 708 779 692 767L438 487 692 225C700 217 708 204 708 187 708 171 704 154 692 142 675 129 663 125 646 125Z\"><\/path><\/svg>\t\t\t\t\t\t<\/div>\n\t\t\t\t\t\t<div class=\"elementor-swiper-button elementor-swiper-button-next\" role=\"button\" tabindex=\"0\" aria-label=\"Diapositive suivante\">\n\t\t\t\t\t\t\t<svg aria-hidden=\"true\" class=\"e-font-icon-svg e-eicon-chevron-right\" viewBox=\"0 0 1000 1000\" xmlns=\"http:\/\/www.w3.org\/2000\/svg\"><path d=\"M696 533C708 521 713 504 713 487 713 471 708 454 696 446L400 146C388 133 375 125 354 125 338 125 325 129 313 142 300 154 292 171 292 187 292 204 296 221 308 233L563 492 304 771C292 783 288 800 288 817 288 833 296 850 308 863 321 871 338 875 354 875 371 875 388 867 400 854L696 533Z\"><\/path><\/svg>\t\t\t\t\t\t<\/div>\n\t\t\t\t\t\t\t\t\t\t\t\t\t\t\t\t<div class=\"swiper-pagination\"><\/div>\n\t\t\t\t\t\t\t\t\t\t\t\t<\/div>\n\t\t\t\t<\/div>\n\t\t\t\t\t\t\t\t<\/div>\n\t\t\t\t<\/div>\n\t\t\t\t<\/div>\n\t\t\t\t\t<\/div>\n\t\t\t\t<\/div>\n\t\t<div data-particle_enable=\"false\" data-particle-mobile-disabled=\"false\" class=\"elementor-element elementor-element-ae7b0b4 e-flex e-con-boxed e-con e-parent\" data-id=\"ae7b0b4\" data-element_type=\"container\" data-e-type=\"container\">\n\t\t\t\t\t<div class=\"e-con-inner\">\n\t\t\t\t<div class=\"elementor-element elementor-element-16612b8 elementor-widget-divider--separator-type-pattern elementor-widget-divider--no-spacing elementor-widget-divider--view-line elementor-widget elementor-widget-divider\" data-id=\"16612b8\" data-element_type=\"widget\" data-e-type=\"widget\" data-widget_type=\"divider.default\">\n\t\t\t\t<div class=\"elementor-widget-container\">\n\t\t\t\t\t\t\t<div class=\"elementor-divider\" style=\"--divider-pattern-url: url(&quot;data:image\/svg+xml,%3Csvg xmlns=&#039;http:\/\/www.w3.org\/2000\/svg&#039; preserveAspectRatio=&#039;xMidYMid meet&#039; overflow=&#039;visible&#039; height=&#039;100%&#039; viewBox=&#039;0 0 120 26&#039; fill=&#039;black&#039; stroke=&#039;none&#039;%3E%3Cpath d=&#039;M11.9,15.9L11.9,15.9L0,16c-0.2-3.7,1.5-5.7,4.9-6C10,9.6,12.4,14.2,11.9,15.9zM26.9,15.9L26.9,15.9L15,16c0.5-3.7,2.5-5.7,5.9-6C26,9.6,27.4,14.2,26.9,15.9z M37.1,10c3.4,0.3,5.1,2.3,4.9,6H30.1C29.5,14.4,31.9,9.6,37.1,10z M57,15.9L57,15.9L45,16c0-3.4,1.6-5.4,4.9-5.9C54.8,9.3,57.4,14.2,57,15.9z M71.9,15.9L71.9,15.9L60,16c-0.2-3.7,1.5-5.7,4.9-6C70,9.6,72.4,14.2,71.9,15.9z M82.2,10c3.4,0.3,5,2.3,4.8,6H75.3C74,13,77.1,9.6,82.2,10zM101.9,15.9L101.9,15.9L90,16c-0.2-3.7,1.5-5.7,4.9-6C100,9.6,102.4,14.2,101.9,15.9z M112.1,10.1c2.7,0.5,4.3,2.5,4.9,5.9h-11.9l0,0C104.5,14.4,108,9.3,112.1,10.1z&#039;\/%3E%3C\/svg%3E&quot;);\">\n\t\t\t<span class=\"elementor-divider-separator\">\n\t\t\t\t\t\t<\/span>\n\t\t<\/div>\n\t\t\t\t\t\t<\/div>\n\t\t\t\t<\/div>\n\t\t\t\t\t<\/div>\n\t\t\t\t<\/div>\n\t\t<div data-particle_enable=\"false\" data-particle-mobile-disabled=\"false\" class=\"elementor-element elementor-element-d14c884 e-flex e-con-boxed e-con e-parent\" data-id=\"d14c884\" data-element_type=\"container\" data-e-type=\"container\">\n\t\t\t\t\t<div class=\"e-con-inner\">\n\t\t\t\t<div class=\"elementor-element elementor-element-25a69ff dce_masking-none elementor-position-top elementor-widget elementor-widget-image-box\" data-id=\"25a69ff\" data-element_type=\"widget\" data-e-type=\"widget\" data-widget_type=\"image-box.default\">\n\t\t\t\t<div class=\"elementor-widget-container\">\n\t\t\t\t\t<div class=\"elementor-image-box-wrapper\"><figure class=\"elementor-image-box-img\"><a href=\"https:\/\/caminodelospilones.com\/historia-del-camino\/\" tabindex=\"-1\"><img fetchpriority=\"high\" decoding=\"async\" width=\"2084\" height=\"2084\" src=\"https:\/\/caminodelospilones.com\/wp-content\/uploads\/2024\/10\/iconos-bus-y-tren.png\" class=\"attachment-full size-full wp-image-372\" alt=\"\" srcset=\"https:\/\/caminodelospilones.com\/wp-content\/uploads\/2024\/10\/iconos-bus-y-tren.png 2084w, https:\/\/caminodelospilones.com\/wp-content\/uploads\/2024\/10\/iconos-bus-y-tren-300x300.png 300w, https:\/\/caminodelospilones.com\/wp-content\/uploads\/2024\/10\/iconos-bus-y-tren-1024x1024.png 1024w, https:\/\/caminodelospilones.com\/wp-content\/uploads\/2024\/10\/iconos-bus-y-tren-150x150.png 150w, https:\/\/caminodelospilones.com\/wp-content\/uploads\/2024\/10\/iconos-bus-y-tren-768x768.png 768w, https:\/\/caminodelospilones.com\/wp-content\/uploads\/2024\/10\/iconos-bus-y-tren-1536x1536.png 1536w, https:\/\/caminodelospilones.com\/wp-content\/uploads\/2024\/10\/iconos-bus-y-tren-2048x2048.png 2048w\" sizes=\"(max-width: 2084px) 100vw, 2084px\" \/><\/a><\/figure><div class=\"elementor-image-box-content\"><h3 class=\"elementor-image-box-title\"><a href=\"https:\/\/caminodelospilones.com\/historia-del-camino\/\">Histoire de la route<\/a><\/h3><\/div><\/div>\t\t\t\t<\/div>\n\t\t\t\t<\/div>\n\t\t\t\t<div class=\"elementor-element elementor-element-feec2b8 elementor-widget elementor-widget-text-editor\" data-id=\"feec2b8\" data-element_type=\"widget\" data-e-type=\"widget\" data-widget_type=\"text-editor.default\">\n\t\t\t\t<div class=\"elementor-widget-container\">\n\t\t\t\t\t\t\t\t\t<p style=\"text-align: center;\">Vous pouvez d\u00e9couvrir l&rsquo;histoire de cet itin\u00e9raire et bien d&rsquo;autres faits int\u00e9ressants sur ce site web, dans la section Histoire de l&rsquo;itin\u00e9raire.  <\/p>\n\t\t\t\t\t\t\t\t<\/div>\n\t\t\t\t<\/div>\n\t\t\t\t<div class=\"elementor-element elementor-element-180b451 elementor-widget elementor-widget-button\" data-id=\"180b451\" data-element_type=\"widget\" data-e-type=\"widget\" data-widget_type=\"button.default\">\n\t\t\t\t<div class=\"elementor-widget-container\">\n\t\t\t\t\t\t\t\t\t<div class=\"elementor-button-wrapper\">\n\t\t\t\t\t<a class=\"elementor-button elementor-button-link elementor-size-sm\" href=\"https:\/\/caminodelospilones.com\/historia-del-camino\/\" target=\"_blank\">\n\t\t\t\t\t\t<span class=\"elementor-button-content-wrapper\">\n\t\t\t\t\t\t\t\t\t<span class=\"elementor-button-text\">En savoir plus<\/span>\n\t\t\t\t\t<\/span>\n\t\t\t\t\t<\/a>\n\t\t\t\t<\/div>\n\t\t\t\t\t\t\t\t<\/div>\n\t\t\t\t<\/div>\n\t\t\t\t\t<\/div>\n\t\t\t\t<\/div>\n\t\t<div data-particle_enable=\"false\" data-particle-mobile-disabled=\"false\" class=\"elementor-element elementor-element-c66b71c e-flex e-con-boxed e-con e-parent\" data-id=\"c66b71c\" data-element_type=\"container\" data-e-type=\"container\">\n\t\t\t\t\t<div class=\"e-con-inner\">\n\t\t\t\t<div class=\"elementor-element elementor-element-c5f0362 elementor-widget elementor-widget-spacer\" data-id=\"c5f0362\" data-element_type=\"widget\" data-e-type=\"widget\" data-widget_type=\"spacer.default\">\n\t\t\t\t<div class=\"elementor-widget-container\">\n\t\t\t\t\t\t\t<div class=\"elementor-spacer\">\n\t\t\t<div class=\"elementor-spacer-inner\"><\/div>\n\t\t<\/div>\n\t\t\t\t\t\t<\/div>\n\t\t\t\t<\/div>\n\t\t\t\t\t<\/div>\n\t\t\t\t<\/div>\n\t\t\t\t<\/div>\n\t\t","protected":false},"excerpt":{"rendered":"<p>Qu&rsquo;est-ce que la route des pyl\u00f4nes ? Dans la publication au BOA de la d\u00e9claration du tron\u00e7on Allepuz-Villarroya de los Pinares comme Bien d&rsquo;Int\u00e9r\u00eat Culturel, on peut lire ce qui suit : \u00ab\u00a0&#8230;Il est fort probable que cette route ait \u00e9t\u00e9 balis\u00e9e par des pyl\u00f4nes, comme nous pouvons l&#8217;emprunter aujourd&rsquo;hui, \u00e0 l&rsquo;\u00e9poque moderne, au XVIIIe [&hellip;]<\/p>\n","protected":false},"author":1,"featured_media":0,"parent":0,"menu_order":0,"comment_status":"closed","ping_status":"closed","template":"","meta":{"_acf_changed":false,"footnotes":""},"class_list":["post-1398","page","type-page","status-publish","hentry"],"acf":[],"yoast_head":"<!-- This site is optimized with the Yoast SEO plugin v27.3 - https:\/\/yoast.com\/product\/yoast-seo-wordpress\/ -->\n<title>Qu&#039;est-ce que la route des pyl\u00f4nes ? - Camino de los Pilones<\/title>\n<meta name=\"robots\" content=\"index, follow, max-snippet:-1, max-image-preview:large, max-video-preview:-1\" \/>\n<link rel=\"canonical\" href=\"https:\/\/caminodelospilones.com\/fr\/quest-ce-que-la-route-des-pylones\/\" \/>\n<meta property=\"og:locale\" content=\"fr_FR\" \/>\n<meta property=\"og:type\" content=\"article\" \/>\n<meta property=\"og:title\" content=\"Qu&#039;est-ce que la route des pyl\u00f4nes ? - Camino de los Pilones\" \/>\n<meta property=\"og:description\" content=\"Qu&rsquo;est-ce que la route des pyl\u00f4nes ? Dans la publication au BOA de la d\u00e9claration du tron\u00e7on Allepuz-Villarroya de los Pinares comme Bien d&rsquo;Int\u00e9r\u00eat Culturel, on peut lire ce qui suit : \u00ab\u00a0&#8230;Il est fort probable que cette route ait \u00e9t\u00e9 balis\u00e9e par des pyl\u00f4nes, comme nous pouvons l&#8217;emprunter aujourd&rsquo;hui, \u00e0 l&rsquo;\u00e9poque moderne, au XVIIIe [&hellip;]\" \/>\n<meta property=\"og:url\" content=\"https:\/\/caminodelospilones.com\/fr\/quest-ce-que-la-route-des-pylones\/\" \/>\n<meta property=\"og:site_name\" content=\"Camino de los Pilones\" \/>\n<meta property=\"article:modified_time\" content=\"2024-10-31T15:54:10+00:00\" \/>\n<meta property=\"og:image\" content=\"https:\/\/caminodelospilones.com\/wp-content\/uploads\/2024\/10\/iconos-bus-y-tren.png\" \/>\n<meta name=\"twitter:card\" content=\"summary_large_image\" \/>\n<meta name=\"twitter:label1\" content=\"Dur\u00e9e de lecture estim\u00e9e\" \/>\n\t<meta name=\"twitter:data1\" content=\"2 minutes\" \/>\n<script type=\"application\/ld+json\" class=\"yoast-schema-graph\">{\"@context\":\"https:\\\/\\\/schema.org\",\"@graph\":[{\"@type\":\"WebPage\",\"@id\":\"https:\\\/\\\/caminodelospilones.com\\\/fr\\\/quest-ce-que-la-route-des-pylones\\\/\",\"url\":\"https:\\\/\\\/caminodelospilones.com\\\/fr\\\/quest-ce-que-la-route-des-pylones\\\/\",\"name\":\"Qu'est-ce que la route des pyl\u00f4nes ? - Camino de los Pilones\",\"isPartOf\":{\"@id\":\"https:\\\/\\\/caminodelospilones.com\\\/#website\"},\"primaryImageOfPage\":{\"@id\":\"https:\\\/\\\/caminodelospilones.com\\\/fr\\\/quest-ce-que-la-route-des-pylones\\\/#primaryimage\"},\"image\":{\"@id\":\"https:\\\/\\\/caminodelospilones.com\\\/fr\\\/quest-ce-que-la-route-des-pylones\\\/#primaryimage\"},\"thumbnailUrl\":\"https:\\\/\\\/caminodelospilones.com\\\/wp-content\\\/uploads\\\/2024\\\/10\\\/iconos-bus-y-tren.png\",\"datePublished\":\"2024-10-02T15:02:33+00:00\",\"dateModified\":\"2024-10-31T15:54:10+00:00\",\"breadcrumb\":{\"@id\":\"https:\\\/\\\/caminodelospilones.com\\\/fr\\\/quest-ce-que-la-route-des-pylones\\\/#breadcrumb\"},\"inLanguage\":\"fr-FR\",\"potentialAction\":[{\"@type\":\"ReadAction\",\"target\":[\"https:\\\/\\\/caminodelospilones.com\\\/fr\\\/quest-ce-que-la-route-des-pylones\\\/\"]}]},{\"@type\":\"ImageObject\",\"inLanguage\":\"fr-FR\",\"@id\":\"https:\\\/\\\/caminodelospilones.com\\\/fr\\\/quest-ce-que-la-route-des-pylones\\\/#primaryimage\",\"url\":\"https:\\\/\\\/caminodelospilones.com\\\/wp-content\\\/uploads\\\/2024\\\/10\\\/iconos-bus-y-tren.png\",\"contentUrl\":\"https:\\\/\\\/caminodelospilones.com\\\/wp-content\\\/uploads\\\/2024\\\/10\\\/iconos-bus-y-tren.png\"},{\"@type\":\"BreadcrumbList\",\"@id\":\"https:\\\/\\\/caminodelospilones.com\\\/fr\\\/quest-ce-que-la-route-des-pylones\\\/#breadcrumb\",\"itemListElement\":[{\"@type\":\"ListItem\",\"position\":1,\"name\":\"Portada\",\"item\":\"https:\\\/\\\/caminodelospilones.com\\\/fr\\\/accueil\\\/\"},{\"@type\":\"ListItem\",\"position\":2,\"name\":\"Qu&#8217;est-ce que la route des pyl\u00f4nes ?\"}]},{\"@type\":\"WebSite\",\"@id\":\"https:\\\/\\\/caminodelospilones.com\\\/#website\",\"url\":\"https:\\\/\\\/caminodelospilones.com\\\/\",\"name\":\"Camino de los Pilones\",\"description\":\"\",\"publisher\":{\"@id\":\"https:\\\/\\\/caminodelospilones.com\\\/#organization\"},\"potentialAction\":[{\"@type\":\"SearchAction\",\"target\":{\"@type\":\"EntryPoint\",\"urlTemplate\":\"https:\\\/\\\/caminodelospilones.com\\\/?s={search_term_string}\"},\"query-input\":{\"@type\":\"PropertyValueSpecification\",\"valueRequired\":true,\"valueName\":\"search_term_string\"}}],\"inLanguage\":\"fr-FR\"},{\"@type\":\"Organization\",\"@id\":\"https:\\\/\\\/caminodelospilones.com\\\/#organization\",\"name\":\"Camino de los Pilones\",\"url\":\"https:\\\/\\\/caminodelospilones.com\\\/\",\"logo\":{\"@type\":\"ImageObject\",\"inLanguage\":\"fr-FR\",\"@id\":\"https:\\\/\\\/caminodelospilones.com\\\/#\\\/schema\\\/logo\\\/image\\\/\",\"url\":\"https:\\\/\\\/caminodelospilones.com\\\/wp-content\\\/uploads\\\/2024\\\/08\\\/PILONES-LOGO_Mesa-de-trabajo-1-copia-2.png\",\"contentUrl\":\"https:\\\/\\\/caminodelospilones.com\\\/wp-content\\\/uploads\\\/2024\\\/08\\\/PILONES-LOGO_Mesa-de-trabajo-1-copia-2.png\",\"width\":1458,\"height\":424,\"caption\":\"Camino de los Pilones\"},\"image\":{\"@id\":\"https:\\\/\\\/caminodelospilones.com\\\/#\\\/schema\\\/logo\\\/image\\\/\"}}]}<\/script>\n<!-- \/ Yoast SEO plugin. -->","yoast_head_json":{"title":"Qu'est-ce que la route des pyl\u00f4nes ? - Camino de los Pilones","robots":{"index":"index","follow":"follow","max-snippet":"max-snippet:-1","max-image-preview":"max-image-preview:large","max-video-preview":"max-video-preview:-1"},"canonical":"https:\/\/caminodelospilones.com\/fr\/quest-ce-que-la-route-des-pylones\/","og_locale":"fr_FR","og_type":"article","og_title":"Qu'est-ce que la route des pyl\u00f4nes ? - Camino de los Pilones","og_description":"Qu&rsquo;est-ce que la route des pyl\u00f4nes ? Dans la publication au BOA de la d\u00e9claration du tron\u00e7on Allepuz-Villarroya de los Pinares comme Bien d&rsquo;Int\u00e9r\u00eat Culturel, on peut lire ce qui suit : \u00ab\u00a0&#8230;Il est fort probable que cette route ait \u00e9t\u00e9 balis\u00e9e par des pyl\u00f4nes, comme nous pouvons l&#8217;emprunter aujourd&rsquo;hui, \u00e0 l&rsquo;\u00e9poque moderne, au XVIIIe [&hellip;]","og_url":"https:\/\/caminodelospilones.com\/fr\/quest-ce-que-la-route-des-pylones\/","og_site_name":"Camino de los Pilones","article_modified_time":"2024-10-31T15:54:10+00:00","og_image":[{"url":"https:\/\/caminodelospilones.com\/wp-content\/uploads\/2024\/10\/iconos-bus-y-tren.png","type":"","width":"","height":""}],"twitter_card":"summary_large_image","twitter_misc":{"Dur\u00e9e de lecture estim\u00e9e":"2 minutes"},"schema":{"@context":"https:\/\/schema.org","@graph":[{"@type":"WebPage","@id":"https:\/\/caminodelospilones.com\/fr\/quest-ce-que-la-route-des-pylones\/","url":"https:\/\/caminodelospilones.com\/fr\/quest-ce-que-la-route-des-pylones\/","name":"Qu'est-ce que la route des pyl\u00f4nes ? - Camino de los Pilones","isPartOf":{"@id":"https:\/\/caminodelospilones.com\/#website"},"primaryImageOfPage":{"@id":"https:\/\/caminodelospilones.com\/fr\/quest-ce-que-la-route-des-pylones\/#primaryimage"},"image":{"@id":"https:\/\/caminodelospilones.com\/fr\/quest-ce-que-la-route-des-pylones\/#primaryimage"},"thumbnailUrl":"https:\/\/caminodelospilones.com\/wp-content\/uploads\/2024\/10\/iconos-bus-y-tren.png","datePublished":"2024-10-02T15:02:33+00:00","dateModified":"2024-10-31T15:54:10+00:00","breadcrumb":{"@id":"https:\/\/caminodelospilones.com\/fr\/quest-ce-que-la-route-des-pylones\/#breadcrumb"},"inLanguage":"fr-FR","potentialAction":[{"@type":"ReadAction","target":["https:\/\/caminodelospilones.com\/fr\/quest-ce-que-la-route-des-pylones\/"]}]},{"@type":"ImageObject","inLanguage":"fr-FR","@id":"https:\/\/caminodelospilones.com\/fr\/quest-ce-que-la-route-des-pylones\/#primaryimage","url":"https:\/\/caminodelospilones.com\/wp-content\/uploads\/2024\/10\/iconos-bus-y-tren.png","contentUrl":"https:\/\/caminodelospilones.com\/wp-content\/uploads\/2024\/10\/iconos-bus-y-tren.png"},{"@type":"BreadcrumbList","@id":"https:\/\/caminodelospilones.com\/fr\/quest-ce-que-la-route-des-pylones\/#breadcrumb","itemListElement":[{"@type":"ListItem","position":1,"name":"Portada","item":"https:\/\/caminodelospilones.com\/fr\/accueil\/"},{"@type":"ListItem","position":2,"name":"Qu&#8217;est-ce que la route des pyl\u00f4nes ?"}]},{"@type":"WebSite","@id":"https:\/\/caminodelospilones.com\/#website","url":"https:\/\/caminodelospilones.com\/","name":"Camino de los Pilones","description":"","publisher":{"@id":"https:\/\/caminodelospilones.com\/#organization"},"potentialAction":[{"@type":"SearchAction","target":{"@type":"EntryPoint","urlTemplate":"https:\/\/caminodelospilones.com\/?s={search_term_string}"},"query-input":{"@type":"PropertyValueSpecification","valueRequired":true,"valueName":"search_term_string"}}],"inLanguage":"fr-FR"},{"@type":"Organization","@id":"https:\/\/caminodelospilones.com\/#organization","name":"Camino de los Pilones","url":"https:\/\/caminodelospilones.com\/","logo":{"@type":"ImageObject","inLanguage":"fr-FR","@id":"https:\/\/caminodelospilones.com\/#\/schema\/logo\/image\/","url":"https:\/\/caminodelospilones.com\/wp-content\/uploads\/2024\/08\/PILONES-LOGO_Mesa-de-trabajo-1-copia-2.png","contentUrl":"https:\/\/caminodelospilones.com\/wp-content\/uploads\/2024\/08\/PILONES-LOGO_Mesa-de-trabajo-1-copia-2.png","width":1458,"height":424,"caption":"Camino de los Pilones"},"image":{"@id":"https:\/\/caminodelospilones.com\/#\/schema\/logo\/image\/"}}]}},"_links":{"self":[{"href":"https:\/\/caminodelospilones.com\/fr\/wp-json\/wp\/v2\/pages\/1398","targetHints":{"allow":["GET"]}}],"collection":[{"href":"https:\/\/caminodelospilones.com\/fr\/wp-json\/wp\/v2\/pages"}],"about":[{"href":"https:\/\/caminodelospilones.com\/fr\/wp-json\/wp\/v2\/types\/page"}],"author":[{"embeddable":true,"href":"https:\/\/caminodelospilones.com\/fr\/wp-json\/wp\/v2\/users\/1"}],"replies":[{"embeddable":true,"href":"https:\/\/caminodelospilones.com\/fr\/wp-json\/wp\/v2\/comments?post=1398"}],"version-history":[{"count":1,"href":"https:\/\/caminodelospilones.com\/fr\/wp-json\/wp\/v2\/pages\/1398\/revisions"}],"predecessor-version":[{"id":1400,"href":"https:\/\/caminodelospilones.com\/fr\/wp-json\/wp\/v2\/pages\/1398\/revisions\/1400"}],"wp:attachment":[{"href":"https:\/\/caminodelospilones.com\/fr\/wp-json\/wp\/v2\/media?parent=1398"}],"curies":[{"name":"wp","href":"https:\/\/api.w.org\/{rel}","templated":true}]}}