{"id":1436,"date":"2024-10-09T12:38:19","date_gmt":"2024-10-09T10:38:19","guid":{"rendered":"https:\/\/caminodelospilones.com\/le-berger\/"},"modified":"2024-11-28T15:24:23","modified_gmt":"2024-11-28T14:24:23","slug":"le-berger","status":"publish","type":"page","link":"https:\/\/caminodelospilones.com\/fr\/le-berger\/","title":{"rendered":"Le berger"},"content":{"rendered":"\t\t<div data-elementor-type=\"wp-page\" data-elementor-id=\"1436\" class=\"elementor elementor-1436 elementor-764\" data-elementor-post-type=\"page\">\n\t\t\t\t<div data-particle_enable=\"false\" data-particle-mobile-disabled=\"false\" class=\"elementor-element elementor-element-9396cc3 e-flex e-con-boxed e-con e-parent\" data-id=\"9396cc3\" data-element_type=\"container\" data-e-type=\"container\">\n\t\t\t\t\t<div class=\"e-con-inner\">\n\t\t\t\t<div class=\"elementor-element elementor-element-7574698 elementor-widget elementor-widget-spacer\" data-id=\"7574698\" data-element_type=\"widget\" data-e-type=\"widget\" data-widget_type=\"spacer.default\">\n\t\t\t\t<div class=\"elementor-widget-container\">\n\t\t\t\t\t\t\t<div class=\"elementor-spacer\">\n\t\t\t<div class=\"elementor-spacer-inner\"><\/div>\n\t\t<\/div>\n\t\t\t\t\t\t<\/div>\n\t\t\t\t<\/div>\n\t\t\t\t\t<\/div>\n\t\t\t\t<\/div>\n\t\t<div data-particle_enable=\"false\" data-particle-mobile-disabled=\"false\" class=\"elementor-element elementor-element-b39b17e e-flex e-con-boxed e-con e-parent\" data-id=\"b39b17e\" data-element_type=\"container\" data-e-type=\"container\">\n\t\t\t\t\t<div class=\"e-con-inner\">\n\t\t\t\t<div class=\"elementor-element elementor-element-ae8808d elementor-widget elementor-widget-heading\" data-id=\"ae8808d\" data-element_type=\"widget\" data-e-type=\"widget\" data-widget_type=\"heading.default\">\n\t\t\t\t<div class=\"elementor-widget-container\">\n\t\t\t\t\t<h2 class=\"elementor-heading-title elementor-size-default\">Le berger<\/h2>\t\t\t\t<\/div>\n\t\t\t\t<\/div>\n\t\t\t\t\t<\/div>\n\t\t\t\t<\/div>\n\t\t<div data-particle_enable=\"false\" data-particle-mobile-disabled=\"false\" class=\"elementor-element elementor-element-f3d9e22 e-flex e-con-boxed e-con e-parent\" data-id=\"f3d9e22\" data-element_type=\"container\" data-e-type=\"container\">\n\t\t\t\t\t<div class=\"e-con-inner\">\n\t\t<div data-particle_enable=\"false\" data-particle-mobile-disabled=\"false\" data-dce-background-color=\"#BAB2825E\" class=\"elementor-element elementor-element-b9393e8 e-con-full e-flex e-con e-child\" data-id=\"b9393e8\" data-element_type=\"container\" data-e-type=\"container\" data-settings=\"{&quot;background_background&quot;:&quot;classic&quot;}\">\n\t\t\t\t<div class=\"elementor-element elementor-element-9bf5762 elementor-widget elementor-widget-spacer\" data-id=\"9bf5762\" data-element_type=\"widget\" data-e-type=\"widget\" data-widget_type=\"spacer.default\">\n\t\t\t\t<div class=\"elementor-widget-container\">\n\t\t\t\t\t\t\t<div class=\"elementor-spacer\">\n\t\t\t<div class=\"elementor-spacer-inner\"><\/div>\n\t\t<\/div>\n\t\t\t\t\t\t<\/div>\n\t\t\t\t<\/div>\n\t\t\t\t<div class=\"elementor-element elementor-element-cc443f4 elementor-widget elementor-widget-text-editor\" data-id=\"cc443f4\" data-element_type=\"widget\" data-e-type=\"widget\" data-widget_type=\"text-editor.default\">\n\t\t\t\t<div class=\"elementor-widget-container\">\n\t\t\t\t\t\t\t\t\t<p class=\"p1\">Les quelques bergers transhumants qui restent sur ces terres empruntent encore les pistes d&rsquo;\u00e9levage de la r\u00e9gion. Ils conduisent leur b\u00e9tail vers les p\u00e2turages d&rsquo;hiver de la r\u00e9gion de Levante.<br \/>La figure du berger avec ses brebis est en quelque sorte un hommage \u00e0 leur travail. Vous le trouverez sur le Camino de los Pilones entre Fortanete et La Iglesuela del Cid, dans la zone connue sous le nom de Loma del Pinar. Vous le trouverez en marchant le long de la route.<br \/>Mais si vous voulez le visiter en voiture, voici les indications \u00e0 partir de La Iglesuela del Cid : Vous prenez la route de La Iglesuela del Cid \u00e0 Cantavieja et, apr\u00e8s quelques m\u00e8tres (1 km), vous prenez un chemin sur la gauche qui est indiqu\u00e9 avec des indications de la r\u00e9serve mycologique du Maestrazgo. C&rsquo;est un chemin qui monte progressivement et vous trouverez le berger avec ses moutons pr\u00e8s d&rsquo;un large carrefour, devant une carri\u00e8re de pierre (4Km.), en plein milieu d&rsquo;une large bande de pyl\u00f4nes.     <\/p>\n\t\t\t\t\t\t\t\t<\/div>\n\t\t\t\t<\/div>\n\t\t\t\t<div class=\"elementor-element elementor-element-fbc9f77 elementor-widget elementor-widget-text-editor\" data-id=\"fbc9f77\" data-element_type=\"widget\" data-e-type=\"widget\" data-widget_type=\"text-editor.default\">\n\t\t\t\t<div class=\"elementor-widget-container\">\n\t\t\t\t\t\t\t\t\t<p>Prenez la route en direction de Mosqueruela et, apr\u00e8s 5 km, lorsque vous arrivez au mirador de Tarayuela, prenez un chemin sur la gauche qui est indiqu\u00e9 avec des indications de la r\u00e9serve mycologique du Maestrazgo. Il s&rsquo;agit d&rsquo;un chemin qui m\u00e8ne \u00e0 la pin\u00e8de de La Nava. Suivez toujours le chemin principal. Au refuge (une cabane sur la gauche), suivez ce chemin sans prendre la d\u00e9viation sur la droite. Plus loin, sur la droite, vous commencerez \u00e0 voir les premiers pyl\u00f4nes et, peu apr\u00e8s, vous arriverez \u00e0 un carrefour o\u00f9 vous trouverez le berger avec ses moutons.<\/p>\n\t\t\t\t\t\t\t\t<\/div>\n\t\t\t\t<\/div>\n\t\t\t\t<div class=\"elementor-element elementor-element-1691e02 elementor-widget elementor-widget-spacer\" data-id=\"1691e02\" data-element_type=\"widget\" data-e-type=\"widget\" data-widget_type=\"spacer.default\">\n\t\t\t\t<div class=\"elementor-widget-container\">\n\t\t\t\t\t\t\t<div class=\"elementor-spacer\">\n\t\t\t<div class=\"elementor-spacer-inner\"><\/div>\n\t\t<\/div>\n\t\t\t\t\t\t<\/div>\n\t\t\t\t<\/div>\n\t\t\t\t<\/div>\n\t\t\t\t\t<\/div>\n\t\t\t\t<\/div>\n\t\t<div data-particle_enable=\"false\" data-particle-mobile-disabled=\"false\" class=\"elementor-element elementor-element-66926b5 e-flex e-con-boxed e-con e-parent\" data-id=\"66926b5\" data-element_type=\"container\" data-e-type=\"container\">\n\t\t\t\t\t<div class=\"e-con-inner\">\n\t\t\t\t<div class=\"elementor-element elementor-element-73357bd elementor-widget-divider--separator-type-pattern elementor-widget-divider--no-spacing elementor-widget-divider--view-line elementor-widget elementor-widget-divider\" data-id=\"73357bd\" data-element_type=\"widget\" data-e-type=\"widget\" data-widget_type=\"divider.default\">\n\t\t\t\t<div class=\"elementor-widget-container\">\n\t\t\t\t\t\t\t<div class=\"elementor-divider\" style=\"--divider-pattern-url: url(&quot;data:image\/svg+xml,%3Csvg xmlns=&#039;http:\/\/www.w3.org\/2000\/svg&#039; preserveAspectRatio=&#039;xMidYMid meet&#039; overflow=&#039;visible&#039; height=&#039;100%&#039; viewBox=&#039;0 0 120 26&#039; fill=&#039;black&#039; stroke=&#039;none&#039;%3E%3Cpath d=&#039;M11.9,15.9L11.9,15.9L0,16c-0.2-3.7,1.5-5.7,4.9-6C10,9.6,12.4,14.2,11.9,15.9zM26.9,15.9L26.9,15.9L15,16c0.5-3.7,2.5-5.7,5.9-6C26,9.6,27.4,14.2,26.9,15.9z M37.1,10c3.4,0.3,5.1,2.3,4.9,6H30.1C29.5,14.4,31.9,9.6,37.1,10z M57,15.9L57,15.9L45,16c0-3.4,1.6-5.4,4.9-5.9C54.8,9.3,57.4,14.2,57,15.9z M71.9,15.9L71.9,15.9L60,16c-0.2-3.7,1.5-5.7,4.9-6C70,9.6,72.4,14.2,71.9,15.9z M82.2,10c3.4,0.3,5,2.3,4.8,6H75.3C74,13,77.1,9.6,82.2,10zM101.9,15.9L101.9,15.9L90,16c-0.2-3.7,1.5-5.7,4.9-6C100,9.6,102.4,14.2,101.9,15.9z M112.1,10.1c2.7,0.5,4.3,2.5,4.9,5.9h-11.9l0,0C104.5,14.4,108,9.3,112.1,10.1z&#039;\/%3E%3C\/svg%3E&quot;);\">\n\t\t\t<span class=\"elementor-divider-separator\">\n\t\t\t\t\t\t<\/span>\n\t\t<\/div>\n\t\t\t\t\t\t<\/div>\n\t\t\t\t<\/div>\n\t\t\t\t<div class=\"elementor-element elementor-element-30a55a4 elementor-widget elementor-widget-heading\" data-id=\"30a55a4\" data-element_type=\"widget\" data-e-type=\"widget\" data-widget_type=\"heading.default\">\n\t\t\t\t<div class=\"elementor-widget-container\">\n\t\t\t\t\t<h2 class=\"elementor-heading-title elementor-size-default\">O\u00f9 me trouver<\/h2>\t\t\t\t<\/div>\n\t\t\t\t<\/div>\n\t\t\t\t<div class=\"elementor-element elementor-element-9a6651b elementor-widget elementor-widget-text-editor\" data-id=\"9a6651b\" data-element_type=\"widget\" data-e-type=\"widget\" data-widget_type=\"text-editor.default\">\n\t\t\t\t<div class=\"elementor-widget-container\">\n\t\t\t\t\t\t\t\t\t<p>Coordonn\u00e9es : 40.479370, -0.361941<\/p>\n\t\t\t\t\t\t\t\t<\/div>\n\t\t\t\t<\/div>\n\t\t\t\t\t<\/div>\n\t\t\t\t<\/div>\n\t\t<div data-particle_enable=\"false\" data-particle-mobile-disabled=\"false\" class=\"elementor-element elementor-element-cdf242c e-flex e-con-boxed e-con e-parent\" data-id=\"cdf242c\" data-element_type=\"container\" data-e-type=\"container\">\n\t\t\t\t\t<div class=\"e-con-inner\">\n\t\t<div data-particle_enable=\"false\" data-particle-mobile-disabled=\"false\" class=\"elementor-element elementor-element-88a3cf9 e-con-full e-flex e-con e-child\" data-id=\"88a3cf9\" data-element_type=\"container\" data-e-type=\"container\">\n\t\t\t\t<div class=\"elementor-element elementor-element-50c6988 elementor-widget elementor-widget-google_maps\" data-id=\"50c6988\" data-element_type=\"widget\" data-e-type=\"widget\" data-widget_type=\"google_maps.default\">\n\t\t\t\t<div class=\"elementor-widget-container\">\n\t\t\t\t\t\t\t<div class=\"elementor-custom-embed\">\n\t\t\t<iframe loading=\"lazy\"\n\t\t\t\t\tsrc=\"https:\/\/maps.google.com\/maps?q=40.479370%2C%20-0.361941&#038;t=m&#038;z=10&#038;output=embed&#038;iwloc=near\"\n\t\t\t\t\ttitle=\"40.479370, -0.361941\"\n\t\t\t\t\taria-label=\"40.479370, -0.361941\"\n\t\t\t><\/iframe>\n\t\t<\/div>\n\t\t\t\t\t\t<\/div>\n\t\t\t\t<\/div>\n\t\t\t\t<\/div>\n\t\t\t\t\t<\/div>\n\t\t\t\t<\/div>\n\t\t<div data-particle_enable=\"false\" data-particle-mobile-disabled=\"false\" class=\"elementor-element elementor-element-1224198 e-flex e-con-boxed e-con e-parent\" data-id=\"1224198\" data-element_type=\"container\" data-e-type=\"container\">\n\t\t\t\t\t<div class=\"e-con-inner\">\n\t\t\t\t<div class=\"elementor-element elementor-element-618aa71 elementor-widget elementor-widget-spacer\" data-id=\"618aa71\" data-element_type=\"widget\" data-e-type=\"widget\" data-widget_type=\"spacer.default\">\n\t\t\t\t<div class=\"elementor-widget-container\">\n\t\t\t\t\t\t\t<div class=\"elementor-spacer\">\n\t\t\t<div class=\"elementor-spacer-inner\"><\/div>\n\t\t<\/div>\n\t\t\t\t\t\t<\/div>\n\t\t\t\t<\/div>\n\t\t\t\t\t<\/div>\n\t\t\t\t<\/div>\n\t\t\t\t<\/div>\n\t\t","protected":false},"excerpt":{"rendered":"<p>Le berger Les quelques bergers transhumants qui restent sur ces terres empruntent encore les pistes d&rsquo;\u00e9levage de la r\u00e9gion. Ils conduisent leur b\u00e9tail vers les p\u00e2turages d&rsquo;hiver de la r\u00e9gion de Levante.La figure du berger avec ses brebis est en quelque sorte un hommage \u00e0 leur travail. Vous le trouverez sur le Camino de los [&hellip;]<\/p>\n","protected":false},"author":1,"featured_media":0,"parent":0,"menu_order":0,"comment_status":"closed","ping_status":"closed","template":"","meta":{"_acf_changed":false,"footnotes":""},"class_list":["post-1436","page","type-page","status-publish","hentry"],"acf":[],"yoast_head":"<!-- This site is optimized with the Yoast SEO plugin v27.3 - https:\/\/yoast.com\/product\/yoast-seo-wordpress\/ -->\n<title>Le berger - Camino de los Pilones<\/title>\n<meta name=\"robots\" content=\"index, follow, max-snippet:-1, max-image-preview:large, max-video-preview:-1\" \/>\n<link rel=\"canonical\" href=\"https:\/\/caminodelospilones.com\/fr\/le-berger\/\" \/>\n<meta property=\"og:locale\" content=\"fr_FR\" \/>\n<meta property=\"og:type\" content=\"article\" \/>\n<meta property=\"og:title\" content=\"Le berger - Camino de los Pilones\" \/>\n<meta property=\"og:description\" content=\"Le berger Les quelques bergers transhumants qui restent sur ces terres empruntent encore les pistes d&rsquo;\u00e9levage de la r\u00e9gion. Ils conduisent leur b\u00e9tail vers les p\u00e2turages d&rsquo;hiver de la r\u00e9gion de Levante.La figure du berger avec ses brebis est en quelque sorte un hommage \u00e0 leur travail. Vous le trouverez sur le Camino de los [&hellip;]\" \/>\n<meta property=\"og:url\" content=\"https:\/\/caminodelospilones.com\/fr\/le-berger\/\" \/>\n<meta property=\"og:site_name\" content=\"Camino de los Pilones\" \/>\n<meta property=\"article:modified_time\" content=\"2024-11-28T14:24:23+00:00\" \/>\n<meta name=\"twitter:card\" content=\"summary_large_image\" \/>\n<meta name=\"twitter:label1\" content=\"Dur\u00e9e de lecture estim\u00e9e\" \/>\n\t<meta name=\"twitter:data1\" content=\"1 minute\" \/>\n<script type=\"application\/ld+json\" class=\"yoast-schema-graph\">{\"@context\":\"https:\\\/\\\/schema.org\",\"@graph\":[{\"@type\":\"WebPage\",\"@id\":\"https:\\\/\\\/caminodelospilones.com\\\/fr\\\/le-berger\\\/\",\"url\":\"https:\\\/\\\/caminodelospilones.com\\\/fr\\\/le-berger\\\/\",\"name\":\"Le berger - Camino de los Pilones\",\"isPartOf\":{\"@id\":\"https:\\\/\\\/caminodelospilones.com\\\/#website\"},\"datePublished\":\"2024-10-09T10:38:19+00:00\",\"dateModified\":\"2024-11-28T14:24:23+00:00\",\"breadcrumb\":{\"@id\":\"https:\\\/\\\/caminodelospilones.com\\\/fr\\\/le-berger\\\/#breadcrumb\"},\"inLanguage\":\"fr-FR\",\"potentialAction\":[{\"@type\":\"ReadAction\",\"target\":[\"https:\\\/\\\/caminodelospilones.com\\\/fr\\\/le-berger\\\/\"]}]},{\"@type\":\"BreadcrumbList\",\"@id\":\"https:\\\/\\\/caminodelospilones.com\\\/fr\\\/le-berger\\\/#breadcrumb\",\"itemListElement\":[{\"@type\":\"ListItem\",\"position\":1,\"name\":\"Portada\",\"item\":\"https:\\\/\\\/caminodelospilones.com\\\/fr\\\/accueil\\\/\"},{\"@type\":\"ListItem\",\"position\":2,\"name\":\"Le berger\"}]},{\"@type\":\"WebSite\",\"@id\":\"https:\\\/\\\/caminodelospilones.com\\\/#website\",\"url\":\"https:\\\/\\\/caminodelospilones.com\\\/\",\"name\":\"Camino de los Pilones\",\"description\":\"\",\"publisher\":{\"@id\":\"https:\\\/\\\/caminodelospilones.com\\\/#organization\"},\"potentialAction\":[{\"@type\":\"SearchAction\",\"target\":{\"@type\":\"EntryPoint\",\"urlTemplate\":\"https:\\\/\\\/caminodelospilones.com\\\/?s={search_term_string}\"},\"query-input\":{\"@type\":\"PropertyValueSpecification\",\"valueRequired\":true,\"valueName\":\"search_term_string\"}}],\"inLanguage\":\"fr-FR\"},{\"@type\":\"Organization\",\"@id\":\"https:\\\/\\\/caminodelospilones.com\\\/#organization\",\"name\":\"Camino de los Pilones\",\"url\":\"https:\\\/\\\/caminodelospilones.com\\\/\",\"logo\":{\"@type\":\"ImageObject\",\"inLanguage\":\"fr-FR\",\"@id\":\"https:\\\/\\\/caminodelospilones.com\\\/#\\\/schema\\\/logo\\\/image\\\/\",\"url\":\"https:\\\/\\\/caminodelospilones.com\\\/wp-content\\\/uploads\\\/2024\\\/08\\\/PILONES-LOGO_Mesa-de-trabajo-1-copia-2.png\",\"contentUrl\":\"https:\\\/\\\/caminodelospilones.com\\\/wp-content\\\/uploads\\\/2024\\\/08\\\/PILONES-LOGO_Mesa-de-trabajo-1-copia-2.png\",\"width\":1458,\"height\":424,\"caption\":\"Camino de los Pilones\"},\"image\":{\"@id\":\"https:\\\/\\\/caminodelospilones.com\\\/#\\\/schema\\\/logo\\\/image\\\/\"}}]}<\/script>\n<!-- \/ Yoast SEO plugin. -->","yoast_head_json":{"title":"Le berger - Camino de los Pilones","robots":{"index":"index","follow":"follow","max-snippet":"max-snippet:-1","max-image-preview":"max-image-preview:large","max-video-preview":"max-video-preview:-1"},"canonical":"https:\/\/caminodelospilones.com\/fr\/le-berger\/","og_locale":"fr_FR","og_type":"article","og_title":"Le berger - Camino de los Pilones","og_description":"Le berger Les quelques bergers transhumants qui restent sur ces terres empruntent encore les pistes d&rsquo;\u00e9levage de la r\u00e9gion. Ils conduisent leur b\u00e9tail vers les p\u00e2turages d&rsquo;hiver de la r\u00e9gion de Levante.La figure du berger avec ses brebis est en quelque sorte un hommage \u00e0 leur travail. Vous le trouverez sur le Camino de los [&hellip;]","og_url":"https:\/\/caminodelospilones.com\/fr\/le-berger\/","og_site_name":"Camino de los Pilones","article_modified_time":"2024-11-28T14:24:23+00:00","twitter_card":"summary_large_image","twitter_misc":{"Dur\u00e9e de lecture estim\u00e9e":"1 minute"},"schema":{"@context":"https:\/\/schema.org","@graph":[{"@type":"WebPage","@id":"https:\/\/caminodelospilones.com\/fr\/le-berger\/","url":"https:\/\/caminodelospilones.com\/fr\/le-berger\/","name":"Le berger - Camino de los Pilones","isPartOf":{"@id":"https:\/\/caminodelospilones.com\/#website"},"datePublished":"2024-10-09T10:38:19+00:00","dateModified":"2024-11-28T14:24:23+00:00","breadcrumb":{"@id":"https:\/\/caminodelospilones.com\/fr\/le-berger\/#breadcrumb"},"inLanguage":"fr-FR","potentialAction":[{"@type":"ReadAction","target":["https:\/\/caminodelospilones.com\/fr\/le-berger\/"]}]},{"@type":"BreadcrumbList","@id":"https:\/\/caminodelospilones.com\/fr\/le-berger\/#breadcrumb","itemListElement":[{"@type":"ListItem","position":1,"name":"Portada","item":"https:\/\/caminodelospilones.com\/fr\/accueil\/"},{"@type":"ListItem","position":2,"name":"Le berger"}]},{"@type":"WebSite","@id":"https:\/\/caminodelospilones.com\/#website","url":"https:\/\/caminodelospilones.com\/","name":"Camino de los Pilones","description":"","publisher":{"@id":"https:\/\/caminodelospilones.com\/#organization"},"potentialAction":[{"@type":"SearchAction","target":{"@type":"EntryPoint","urlTemplate":"https:\/\/caminodelospilones.com\/?s={search_term_string}"},"query-input":{"@type":"PropertyValueSpecification","valueRequired":true,"valueName":"search_term_string"}}],"inLanguage":"fr-FR"},{"@type":"Organization","@id":"https:\/\/caminodelospilones.com\/#organization","name":"Camino de los Pilones","url":"https:\/\/caminodelospilones.com\/","logo":{"@type":"ImageObject","inLanguage":"fr-FR","@id":"https:\/\/caminodelospilones.com\/#\/schema\/logo\/image\/","url":"https:\/\/caminodelospilones.com\/wp-content\/uploads\/2024\/08\/PILONES-LOGO_Mesa-de-trabajo-1-copia-2.png","contentUrl":"https:\/\/caminodelospilones.com\/wp-content\/uploads\/2024\/08\/PILONES-LOGO_Mesa-de-trabajo-1-copia-2.png","width":1458,"height":424,"caption":"Camino de los Pilones"},"image":{"@id":"https:\/\/caminodelospilones.com\/#\/schema\/logo\/image\/"}}]}},"_links":{"self":[{"href":"https:\/\/caminodelospilones.com\/fr\/wp-json\/wp\/v2\/pages\/1436","targetHints":{"allow":["GET"]}}],"collection":[{"href":"https:\/\/caminodelospilones.com\/fr\/wp-json\/wp\/v2\/pages"}],"about":[{"href":"https:\/\/caminodelospilones.com\/fr\/wp-json\/wp\/v2\/types\/page"}],"author":[{"embeddable":true,"href":"https:\/\/caminodelospilones.com\/fr\/wp-json\/wp\/v2\/users\/1"}],"replies":[{"embeddable":true,"href":"https:\/\/caminodelospilones.com\/fr\/wp-json\/wp\/v2\/comments?post=1436"}],"version-history":[{"count":2,"href":"https:\/\/caminodelospilones.com\/fr\/wp-json\/wp\/v2\/pages\/1436\/revisions"}],"predecessor-version":[{"id":1527,"href":"https:\/\/caminodelospilones.com\/fr\/wp-json\/wp\/v2\/pages\/1436\/revisions\/1527"}],"wp:attachment":[{"href":"https:\/\/caminodelospilones.com\/fr\/wp-json\/wp\/v2\/media?parent=1436"}],"curies":[{"name":"wp","href":"https:\/\/api.w.org\/{rel}","templated":true}]}}